{"id":96,"date":"2023-06-04T00:08:01","date_gmt":"2023-06-04T00:08:01","guid":{"rendered":"http:\/\/intuitivkunst-taastrup.dk\/?page_id=96"},"modified":"2023-09-17T18:18:04","modified_gmt":"2023-09-17T18:18:04","slug":"hvem-er-vi","status":"publish","type":"page","link":"https:\/\/intuitivkunst-taastrup.dk\/?page_id=96","title":{"rendered":"Hvem er vi"},"content":{"rendered":"\n<p>Her er et overblik over medlemmerne<\/p>\n\n\n\n<div class=\"wp-block-group is-layout-constrained wp-block-group-is-layout-constrained\">\n<div class=\"wp-block-columns is-layout-flex wp-container-core-columns-is-layout-1 wp-block-columns-is-layout-flex\">\n<div class=\"wp-block-column is-layout-flow wp-block-column-is-layout-flow\" style=\"flex-basis:33.33%\">\n<p><a href=\"https:\/\/intuitivkunst-taastrup.dk\/?page_id=22\" data-type=\"page\" data-id=\"22\">Dorthe<\/a><\/p>\n<\/div>\n\n\n\n<div class=\"wp-block-column is-layout-flow wp-block-column-is-layout-flow\" style=\"flex-basis:66.66%\">\n<p><a href=\"https:\/\/intuitivkunst-taastrup.dk\/?page_id=190\" data-type=\"page\" data-id=\"190\">Se malerier her<\/a><\/p>\n<\/div>\n<\/div>\n<\/div>\n\n\n\n<div class=\"wp-block-columns is-layout-flex wp-container-core-columns-is-layout-2 wp-block-columns-is-layout-flex\">\n<div class=\"wp-block-column is-layout-flow wp-block-column-is-layout-flow\" style=\"flex-basis:33.33%\">\n<p><\/p>\n\n\n\n<figure class=\"wp-block-gallery has-nested-images columns-default is-cropped wp-block-gallery-1 is-layout-flex wp-block-gallery-is-layout-flex\">\n<figure class=\"wp-block-image size-large\"><img loading=\"lazy\" decoding=\"async\" width=\"653\" height=\"755\" src=\"https:\/\/intuitivkunst-taastrup.dk\/wp-content\/uploads\/2023\/09\/Dorthe-01-1.jpeg\" alt=\"\" class=\"wp-image-214\" srcset=\"https:\/\/intuitivkunst-taastrup.dk\/wp-content\/uploads\/2023\/09\/Dorthe-01-1.jpeg 653w, https:\/\/intuitivkunst-taastrup.dk\/wp-content\/uploads\/2023\/09\/Dorthe-01-1-259x300.jpeg 259w\" sizes=\"(max-width: 653px) 100vw, 653px\" \/><\/figure>\n<\/figure>\n<\/div>\n\n\n\n<div class=\"wp-block-column is-layout-flow wp-block-column-is-layout-flow\" style=\"flex-basis:66.66%\">\n<p><\/p>\n<\/div>\n<\/div>\n\n\n\n<div class=\"wp-block-group is-layout-constrained wp-block-group-is-layout-constrained\">\n<div class=\"wp-block-columns is-layout-flex wp-container-core-columns-is-layout-3 wp-block-columns-is-layout-flex\">\n<div class=\"wp-block-column is-layout-flow wp-block-column-is-layout-flow\" style=\"flex-basis:33.33%\">\n<p><a href=\"https:\/\/intuitivkunst-taastrup.dk\/?page_id=166\" data-type=\"page\" data-id=\"166\">Laila<\/a><\/p>\n\n\n\n<figure class=\"wp-block-image size-full\"><img loading=\"lazy\" decoding=\"async\" width=\"513\" height=\"733\" src=\"https:\/\/intuitivkunst-taastrup.dk\/wp-content\/uploads\/2023\/09\/Laila-01-2.jpg\" alt=\"\" class=\"wp-image-269\" srcset=\"https:\/\/intuitivkunst-taastrup.dk\/wp-content\/uploads\/2023\/09\/Laila-01-2.jpg 513w, https:\/\/intuitivkunst-taastrup.dk\/wp-content\/uploads\/2023\/09\/Laila-01-2-210x300.jpg 210w\" sizes=\"(max-width: 513px) 100vw, 513px\" \/><\/figure>\n\n\n\n<p><a href=\"https:\/\/intuitivkunst-taastrup.dk\/?page_id=22\" data-type=\"page\" data-id=\"22\">Lars S\u00f8<\/a><\/p>\n<\/div>\n\n\n\n<div class=\"wp-block-column is-layout-flow wp-block-column-is-layout-flow\" style=\"flex-basis:66.66%\">\n<p><a href=\"https:\/\/intuitivkunst-taastrup.dk\/?page_id=22\" data-type=\"page\" data-id=\"22\">Se malerier her<\/a><\/p>\n<\/div>\n<\/div>\n<\/div>\n\n\n\n<div class=\"wp-block-columns is-layout-flex wp-container-core-columns-is-layout-4 wp-block-columns-is-layout-flex\">\n<div class=\"wp-block-column is-layout-flow wp-block-column-is-layout-flow\" style=\"flex-basis:33.33%\">\n<p><\/p>\n\n\n\n<figure class=\"wp-block-gallery has-nested-images columns-default is-cropped wp-block-gallery-2 is-layout-flex wp-block-gallery-is-layout-flex\">\n<figure class=\"wp-block-image size-large\"><img loading=\"lazy\" decoding=\"async\" width=\"1024\" height=\"561\" src=\"https:\/\/intuitivkunst-taastrup.dk\/wp-content\/uploads\/2023\/06\/Maage-1024x561.jpg\" alt=\"\" class=\"wp-image-121\" srcset=\"https:\/\/intuitivkunst-taastrup.dk\/wp-content\/uploads\/2023\/06\/Maage-1024x561.jpg 1024w, https:\/\/intuitivkunst-taastrup.dk\/wp-content\/uploads\/2023\/06\/Maage-300x164.jpg 300w, https:\/\/intuitivkunst-taastrup.dk\/wp-content\/uploads\/2023\/06\/Maage-768x421.jpg 768w, https:\/\/intuitivkunst-taastrup.dk\/wp-content\/uploads\/2023\/06\/Maage-1536x841.jpg 1536w, https:\/\/intuitivkunst-taastrup.dk\/wp-content\/uploads\/2023\/06\/Maage-2048x1122.jpg 2048w\" sizes=\"(max-width: 1024px) 100vw, 1024px\" \/><\/figure>\n<\/figure>\n<\/div>\n\n\n\n<div class=\"wp-block-column is-layout-flow wp-block-column-is-layout-flow\" style=\"flex-basis:66.66%\">\n<p>Jeg har altid \u00f8nsket at komme i gang med at male og tegne, og ja, ikke v\u00e6gge og lofter, men malerier.<\/p>\n\n\n\n<p>Det er sommetider sv\u00e6rt at starte og farsholde en hobby, hvis man ikke bliver revet ud af sofaen. Derfor meldte jeg mig ind i Intuitiv kunst T\u00e5strup i oktober 2021 for at f\u00e5 faste maletider og inspiration.<\/p>\n<\/div>\n<\/div>\n\n\n\n<div class=\"wp-block-group is-layout-constrained wp-block-group-is-layout-constrained\">\n<div class=\"wp-block-columns is-layout-flex wp-container-core-columns-is-layout-5 wp-block-columns-is-layout-flex\">\n<div class=\"wp-block-column is-layout-flow wp-block-column-is-layout-flow\" style=\"flex-basis:33.33%\">\n<p><a href=\"https:\/\/intuitivkunst-taastrup.dk\/?page_id=22\" data-type=\"page\" data-id=\"22\">Lene<\/a><\/p>\n<\/div>\n\n\n\n<div class=\"wp-block-column is-layout-flow wp-block-column-is-layout-flow\" style=\"flex-basis:66.66%\">\n<p><a href=\"https:\/\/intuitivkunst-taastrup.dk\/?page_id=151\" data-type=\"page\" data-id=\"151\">Se malerier her<\/a><\/p>\n<\/div>\n<\/div>\n<\/div>\n\n\n\n<div class=\"wp-block-columns is-layout-flex wp-container-core-columns-is-layout-6 wp-block-columns-is-layout-flex\">\n<div class=\"wp-block-column is-layout-flow wp-block-column-is-layout-flow\" style=\"flex-basis:33.33%\">\n<p><\/p>\n\n\n\n<figure class=\"wp-block-gallery has-nested-images columns-default is-cropped wp-block-gallery-3 is-layout-flex wp-block-gallery-is-layout-flex\">\n<figure class=\"wp-block-image size-full\"><img loading=\"lazy\" decoding=\"async\" width=\"414\" height=\"414\" src=\"https:\/\/intuitivkunst-taastrup.dk\/wp-content\/uploads\/2023\/06\/Motherhood.jpeg\" alt=\"\" class=\"wp-image-136\" srcset=\"https:\/\/intuitivkunst-taastrup.dk\/wp-content\/uploads\/2023\/06\/Motherhood.jpeg 414w, https:\/\/intuitivkunst-taastrup.dk\/wp-content\/uploads\/2023\/06\/Motherhood-300x300.jpeg 300w, https:\/\/intuitivkunst-taastrup.dk\/wp-content\/uploads\/2023\/06\/Motherhood-150x150.jpeg 150w\" sizes=\"(max-width: 414px) 100vw, 414px\" \/><\/figure>\n<\/figure>\n<\/div>\n\n\n\n<div class=\"wp-block-column is-layout-flow wp-block-column-is-layout-flow\" style=\"flex-basis:66.66%\">\n<p><\/p>\n<\/div>\n<\/div>\n\n\n\n<div class=\"wp-block-group is-layout-constrained wp-block-group-is-layout-constrained\">\n<div class=\"wp-block-columns is-layout-flex wp-container-core-columns-is-layout-7 wp-block-columns-is-layout-flex\">\n<div class=\"wp-block-column is-layout-flow wp-block-column-is-layout-flow\" style=\"flex-basis:33.33%\">\n<p><a href=\"https:\/\/intuitivkunst-taastrup.dk\/?page_id=230\" data-type=\"page\" data-id=\"230\">Rita<\/a><\/p>\n\n\n\n<figure class=\"wp-block-image size-full\"><img loading=\"lazy\" decoding=\"async\" width=\"622\" height=\"453\" src=\"https:\/\/intuitivkunst-taastrup.dk\/wp-content\/uploads\/2023\/09\/Rita-02-2.jpg\" alt=\"\" class=\"wp-image-271\" srcset=\"https:\/\/intuitivkunst-taastrup.dk\/wp-content\/uploads\/2023\/09\/Rita-02-2.jpg 622w, https:\/\/intuitivkunst-taastrup.dk\/wp-content\/uploads\/2023\/09\/Rita-02-2-300x218.jpg 300w\" sizes=\"(max-width: 622px) 100vw, 622px\" \/><\/figure>\n\n\n\n<p><a href=\"https:\/\/intuitivkunst-taastrup.dk\/?page_id=22\" data-type=\"page\" data-id=\"22\">Sabrina<\/a><\/p>\n<\/div>\n\n\n\n<div class=\"wp-block-column is-layout-flow wp-block-column-is-layout-flow\" style=\"flex-basis:66.66%\">\n<p><a href=\"https:\/\/intuitivkunst-taastrup.dk\/?page_id=169\" data-type=\"page\" data-id=\"169\">Se malerier her<\/a><\/p>\n<\/div>\n<\/div>\n<\/div>\n\n\n\n<div class=\"wp-block-columns is-layout-flex wp-container-core-columns-is-layout-8 wp-block-columns-is-layout-flex\">\n<div class=\"wp-block-column is-layout-flow wp-block-column-is-layout-flow\" style=\"flex-basis:33.33%\">\n<p><\/p>\n\n\n\n<figure class=\"wp-block-gallery has-nested-images columns-default is-cropped wp-block-gallery-4 is-layout-flex wp-block-gallery-is-layout-flex\">\n<figure class=\"wp-block-image size-large\"><img loading=\"lazy\" decoding=\"async\" width=\"834\" height=\"1024\" src=\"https:\/\/intuitivkunst-taastrup.dk\/wp-content\/uploads\/2023\/09\/Chaka-03-2-834x1024.jpg\" alt=\"\" class=\"wp-image-213\" srcset=\"https:\/\/intuitivkunst-taastrup.dk\/wp-content\/uploads\/2023\/09\/Chaka-03-2-834x1024.jpg 834w, https:\/\/intuitivkunst-taastrup.dk\/wp-content\/uploads\/2023\/09\/Chaka-03-2-244x300.jpg 244w, https:\/\/intuitivkunst-taastrup.dk\/wp-content\/uploads\/2023\/09\/Chaka-03-2-768x943.jpg 768w, https:\/\/intuitivkunst-taastrup.dk\/wp-content\/uploads\/2023\/09\/Chaka-03-2.jpg 1140w\" sizes=\"(max-width: 834px) 100vw, 834px\" \/><\/figure>\n<\/figure>\n<\/div>\n\n\n\n<div class=\"wp-block-column is-layout-flow wp-block-column-is-layout-flow\" style=\"flex-basis:66.66%\">\n<p><\/p>\n<\/div>\n<\/div>\n","protected":false},"excerpt":{"rendered":"<p>Her er et overblik over medlemmerne Dorthe Se malerier her Laila Lars S\u00f8 Se malerier her Jeg har altid \u00f8nsket at komme i gang med at male og tegne, og ja, ikke v\u00e6gge og lofter, men malerier. Det er sommetider sv\u00e6rt at starte og farsholde en hobby, hvis man ikke bliver revet ud af sofaen. [&hellip;]<\/p>\n","protected":false},"author":1,"featured_media":0,"parent":0,"menu_order":0,"comment_status":"closed","ping_status":"closed","template":"","meta":{"footnotes":""},"class_list":["post-96","page","type-page","status-publish","hentry"],"_links":{"self":[{"href":"https:\/\/intuitivkunst-taastrup.dk\/index.php?rest_route=\/wp\/v2\/pages\/96"}],"collection":[{"href":"https:\/\/intuitivkunst-taastrup.dk\/index.php?rest_route=\/wp\/v2\/pages"}],"about":[{"href":"https:\/\/intuitivkunst-taastrup.dk\/index.php?rest_route=\/wp\/v2\/types\/page"}],"author":[{"embeddable":true,"href":"https:\/\/intuitivkunst-taastrup.dk\/index.php?rest_route=\/wp\/v2\/users\/1"}],"replies":[{"embeddable":true,"href":"https:\/\/intuitivkunst-taastrup.dk\/index.php?rest_route=%2Fwp%2Fv2%2Fcomments&post=96"}],"version-history":[{"count":8,"href":"https:\/\/intuitivkunst-taastrup.dk\/index.php?rest_route=\/wp\/v2\/pages\/96\/revisions"}],"predecessor-version":[{"id":272,"href":"https:\/\/intuitivkunst-taastrup.dk\/index.php?rest_route=\/wp\/v2\/pages\/96\/revisions\/272"}],"wp:attachment":[{"href":"https:\/\/intuitivkunst-taastrup.dk\/index.php?rest_route=%2Fwp%2Fv2%2Fmedia&parent=96"}],"curies":[{"name":"wp","href":"https:\/\/api.w.org\/{rel}","templated":true}]}}