{"id":41,"date":"2023-06-03T22:06:00","date_gmt":"2023-06-03T22:06:00","guid":{"rendered":"http:\/\/intuitivkunst-taastrup.dk\/?page_id=41"},"modified":"2024-04-29T19:42:31","modified_gmt":"2024-04-29T19:42:31","slug":"vaegtaegter","status":"publish","type":"page","link":"https:\/\/intuitivkunst-taastrup.dk\/?page_id=41","title":{"rendered":"Vedt\u00e6gter"},"content":{"rendered":"\n<h2 class=\"wp-block-heading has-text-align-center\"><strong>Intuitiv kunst<\/strong><\/h2>\n\n\n\n<p class=\"has-text-align-center\"><strong>\u00a7 1 Navn og hjemsted<\/strong><\/p>\n\n\n\n<p class=\"has-text-align-left\"><strong>Stk.1<\/strong> \u201dIntuitiv Kunst\u201d<\/p>\n\n\n\n<p class=\"has-text-align-left\"><strong>Stk. 2<\/strong> Foreningens hjemsted &#8211; H\u00f8je Taastrup kommune<\/p>\n\n\n\n<p class=\"has-text-align-center\"><strong>\u00a7 2 Form\u00e5l<\/strong><\/p>\n\n\n\n<p class=\"has-text-align-left\"><strong>Stk.1<\/strong> \u201dIntuitiv Kunst\u201d er en malergruppe hvis form\u00e5let er, at m\u00f8des for at kunne fordybe sig og inspirere hinanden i at male. At skabe og fremme et socialt samv\u00e6r og netv\u00e6rk blandt<br>medlemmerne.<\/p>\n\n\n\n<p class=\"has-text-align-left\"><strong>Stk.2<\/strong> Det er ligeledes en m\u00e5ls\u00e6tning at tage pa\u030a udstillinger samt forel\u00e6sninger og undervisning til inspiration, fremme medlemmernes maleteknik og motiv forst\u00e5else mv. Derudover, at udstille vores v\u00e6rker til organisationer, institutioner, foreninger og virksomheder mv.<\/p>\n\n\n\n<p class=\"has-text-align-center\"><strong>\u00a7 3 Medlemskreds<\/strong><\/p>\n\n\n\n<p><strong>Stk. 1<\/strong> Som medlem optages enhver, der har interesse i at deltage i Intuitiv Kunst, if\u00f8lge<br>foreningens form\u00e5l, efter gensidig pr\u00f8veperiode. (Se procedure for introduktion af nye<br>medlemmer)<\/p>\n\n\n\n<p><strong>Stk. 2<\/strong> Indmeldelse sker ved henvendelse til foreningens formand eller kasserer.<br>Medlemskabet er gyldigt, n\u00e5r der er betalt kontingent.<\/p>\n\n\n\n<p><strong>Stk. 3<\/strong> Medlemmerne betaler det pa\u030a generalforsamlingen fastsatte kontingent.<\/p>\n\n\n\n<p class=\"has-text-align-center\"><strong>\u00a7 4 Generalforsamlingen<\/strong><\/p>\n\n\n\n<p><strong>Stk. 1<\/strong> Generalforsamlingen er foreningens h\u00f8jeste myndighed.<\/p>\n\n\n\n<p><strong>Stk. 2<\/strong> Ordin\u00e6r generalforsamling afholdes i april m\u00e5ned en gang \u00e5rligt. Formanden indkalder generalforsamling med mindst 14 dages varsel, med angivelse af dagsorden. Indkaldelsen sendes pr. e- mail til medlemmerne.<\/p>\n\n\n\n<p><strong>Stk. 3 <\/strong>M\u00f8de- og stemmeberettigede pa\u030a generalforsamlingen er alle medlemmer, der senest ugedagen forinden har betalt forfaldent kontingent. Der kan ikke stemmes ved fuldmagt.<\/p>\n\n\n\n<p><strong>Stk. 4<\/strong> Dagsorden for den ordin\u00e6re generalforsamling skal mindst indeholde f\u00f8lgende punkter.<\/p>\n\n\n\n<p><strong>Dagsorden:<\/strong><\/p>\n\n\n\n<ol class=\"wp-block-list\">\n<li>Valg af dirigent<\/li>\n\n\n\n<li>Valg af referent<\/li>\n\n\n\n<li>Formandens beretning<\/li>\n\n\n\n<li>Regnskabsafl\u00e6ggelse<\/li>\n\n\n\n<li>Behandling af indkomne forslag<\/li>\n\n\n\n<li>Fasts\u00e6ttelse af kontingent (og pr gang)<\/li>\n\n\n\n<li>Valg af bestyrelse<\/li>\n\n\n\n<li>Valg af revisor<\/li>\n\n\n\n<li>Eventuelt<\/li>\n<\/ol>\n\n\n\n<div class=\"wp-block-group is-layout-constrained wp-block-group-is-layout-constrained\">\n<div class=\"wp-block-columns is-layout-flex wp-container-core-columns-is-layout-1 wp-block-columns-is-layout-flex\">\n<div class=\"wp-block-column is-layout-flow wp-block-column-is-layout-flow\" style=\"flex-basis:100%\">\n<p><strong>Stk. 5<\/strong> Valg af bestyrelse og revisor.<\/p>\n<\/div>\n<\/div>\n\n\n\n<div class=\"wp-block-columns is-layout-flex wp-container-core-columns-is-layout-2 wp-block-columns-is-layout-flex\">\n<div class=\"wp-block-column is-layout-flow wp-block-column-is-layout-flow\">\n<p>1 Formand<\/p>\n\n\n\n<p>2 Bestyrelsesmedlemmer<\/p>\n\n\n\n<p>2 Suppleanter<\/p>\n\n\n\n<p>1 revisor<\/p>\n<\/div>\n\n\n\n<div class=\"wp-block-column is-layout-flow wp-block-column-is-layout-flow\">\n<p>Valg 2 \u00e5r (lige \u00e5r)<\/p>\n\n\n\n<p>Valg 2 \u00e5r (ulige \u00e5r)<\/p>\n\n\n\n<p>Valg 1 \u00e5r<\/p>\n\n\n\n<p>Valg 1 a\u030ar (uden for bestyrelsen eller en udenforst\u00e5ende)<\/p>\n<\/div>\n<\/div>\n<\/div>\n\n\n\n<p><strong>Stk. 6<\/strong> Forslag, der \u00f8nskes behandlet pa\u030a generalforsamlingen, skal v\u00e6re formanden i h\u00e6nde<br>senest 8 dage f\u00f8r afholdelsen af generalforsamlingen.<\/p>\n\n\n\n<p><strong>Stk. 7<\/strong> Bestyrelsen konstituerer sig selv. (Formand, er valgt direkte, se ovenfor), 1 bestyrelsesmedlem, 1 bestyrelsesmedlem som udpeges som kasserer.<\/p>\n\n\n\n<p><strong>Stk. 8<\/strong> En enig bestyrelse kan kun ekskludere et medlem skriftligt, hvilken arbejder imod foreningen og dens forehavende.<\/p>\n\n\n\n<p>Det ekskluderede medlem kan skriftlig forlange, at f\u00e5 eksklusionen pr\u00f8vet p\u00e5 et ordin\u00e6rt eller ekstran\u00e6rt bestyrelses m\u00f8de.<\/p>\n\n\n\n<p class=\"has-text-align-center\"><strong>\u00a7 5 Ekstraordin\u00e6r generalforsamling<\/strong><\/p>\n\n\n\n<p><strong>Stk. 1<\/strong> Ekstraordin\u00e6r generalforsamling kan afholdes n\u00e5r bestyrelsen finder det n\u00f8dvendigt og skal afholdes n\u00e5r mindst 1\/3 af medlemmerne frems\u00e6tter skriftlig begrundet anmodning til formanden eller hvis 1 af bestyrelsesmedlemmerne \u00f8nsker det.<br>I s\u00e5danne tilf\u00e6lde skal generalforsamlingen afholdes senest 28 dage efter, at anmodningen er kommet til formandens kundskab.<\/p>\n\n\n\n<p><strong>Stk. 2<\/strong> Den ekstraordin\u00e6re generalforsamling indkaldes ved e-mail senest 14 dage f\u00f8r<br>afholdelse. Sammen med indkaldelsen vedl\u00e6gges dagsorden med de punkter, der \u00f8nskes behandlet.<\/p>\n\n\n\n<p class=\"has-text-align-center\"><strong>\u00a7 6 Bestyrelsen &#8211; foreningens daglige ledelse<\/strong><\/p>\n\n\n\n<p><strong>Stk. 1<\/strong> Foreningens daglige ledelse udg\u00f8res af bestyrelsen, der foruden formanden best\u00e5r af 2 bestyrelsesmedlemmer, plus 2 suppleanter. Suppleanterne har ingen stemmeret. Formand og bestyrelse v\u00e6lges af generalforsamlingen for en 2 \u00e5rs periode s\u00e5ledes, at formand v\u00e6lges i lige a\u030ar og 2 bestyrelsesmedlemmer v\u00e6lges i ulige a\u030ar.<\/p>\n\n\n\n<p><strong>Stk. 2<\/strong> Bestyrelsen leder foreningen i overensstemmelse med n\u00e6rv\u00e6rende vedt\u00e6gter og<br>generalforsamlingens beslutninger.<\/p>\n\n\n\n<p><strong>Stk. 3<\/strong> Umiddelbart efter generalforsamlingen, afholdes m\u00f8de hvor bestyrelsen konstituerer<br>sig selv. Alle tillidsposter g\u00e6lder frem til n\u00e6ste generalforsamling.<\/p>\n\n\n\n<p><strong>Stk. 4<\/strong> Formanden indkalder til bestyrelsesm\u00f8derne. Ved frav\u00e6r inds\u00e6ttes en stedfortr\u00e6der<br>fra bestyrelsen. Indkaldelsen sker skriftlig med angivelse af dagsorden, mindst 2 gange \u00e5rligt<br>eller n\u00e5r formanden sk\u00f8nner det n\u00f8dvendig, eller na\u030ar mindst 2 medlemmer af bestyrelsen<br>frems\u00e6tter \u00f8nske herom til formanden. I sa\u030adanne tilf\u00e6lde afholdes m\u00f8det senest 2 m\u00e5neder efter anmodningen er kommet til formandens kundskab.<\/p>\n\n\n\n<p><strong>Stk. 5<\/strong> Bestyrelsen er beslutningsdygtig na\u030ar mindst 2 bestyrelsesmedlemmer er til stede.<\/p>\n\n\n\n<p><strong>Stk. 6<\/strong> Der ydes ikke vederlag for arbejdet i bestyrelsen.<\/p>\n\n\n\n<p class=\"has-text-align-center\"><strong>\u00a7 7 \u00d8konomi, regnskab og revision<\/strong><\/p>\n\n\n\n<p><strong>Stk. 1<\/strong> Foreningens regnskabs\u00e5r f\u00f8lger kalender\u00e5ret.<\/p>\n\n\n\n<p><strong>Stk. 2<\/strong> Bestyrelsen er ansvarlig overfor generalforsamlingen for regnskabet. <\/p>\n\n\n\n<p><strong>Stk. 3<\/strong> Foreningens regnskab og medlemsliste f\u00f8res af kassereren.<\/p>\n\n\n\n<p><strong>Stk. 4<\/strong>. Regnskabet revideres af den pa\u030a generalforsamlingen valgte revisor.<\/p>\n\n\n\n<p class=\"has-text-align-center\"><strong>\u00a7 8 Tegningsregler og h\u00e6ftelser<\/strong><\/p>\n\n\n\n<p><strong>Stk. 1<\/strong> Foreningen tegnes udadtil ved underskrift af formanden og mindst et yderligere bestyrelsesmedlem i forening.<\/p>\n\n\n\n<p><strong>Stk. 2<\/strong> Bestyrelsen kan ved fuldmagt bemyndige bestyrelsesmedlem\/er til at handle p\u00e5 vegne af foreningen ved bankforretninger. Herunder, at foretage netbank transaktioner.<\/p>\n\n\n\n<p>Bestyrelsen orienteres om eventuelle transaktioner p\u00e5 efterf\u00f8lgende bestyrelsesm\u00f8de.<\/p>\n\n\n\n<p><strong>Stk. 3<\/strong> Der p\u00e5hviler ikke foreningens medlemmer nogen personlig h\u00e6ftelse for de<br>forpligtigelser, der p\u00e5hviler foreningen.<\/p>\n\n\n\n<p class=\"has-text-align-center\"><strong>\u00a7 9 Vedt\u00e6gts\u00e6ndringer<\/strong><\/p>\n\n\n\n<p><strong>Stk. 1<\/strong> Disse vedt\u00e6gter kan kun \u00e6ndres med 2\/3 flertal pa\u030a en generalforsamling, hvor<br>\u00e6ndringsforslag fremg\u00e5r af dagsordenen.<\/p>\n\n\n\n<p><strong>Stk. 2<\/strong> Vedt\u00e6gts\u00e6ndringer tr\u00e6der i kraft med virkning efter vedtagelse p\u00e5 enten ordin\u00e6r eller ekstraordin\u00e6r generalforsamling.<\/p>\n\n\n\n<p class=\"has-text-align-center\"><strong>\u00a7 10 Opl\u00f8sning af Foreningen \u201dIntuitiv Kunst\u201d<\/strong><\/p>\n\n\n\n<p><strong>Stk. 1<\/strong> Ved opl\u00f8sning af Foreningen \u201dIntuitiv Kunst, skal formuen gives til et almennyttigt form\u00e5l i kommunen.<\/p>\n\n\n\n<p>Opl\u00f8sning kan kun ske ved vedtagelse p\u00e5 enten ordin\u00e6r eller ekstraordin\u00e6rgeneral-forsamling.<\/p>\n\n\n\n<p class=\"has-text-align-center\"><strong>\u00a7 11 Datering:<\/strong><\/p>\n\n\n\n<p>Godkendt af H\u00f8je Taastrup kommune pa\u030a folkeoplysningsudvalgets m\u00f8de den xx.05.2023<\/p>\n","protected":false},"excerpt":{"rendered":"<p>Intuitiv kunst \u00a7 1 Navn og hjemsted Stk.1 \u201dIntuitiv Kunst\u201d Stk. 2 Foreningens hjemsted &#8211; H\u00f8je Taastrup kommune \u00a7 2 Form\u00e5l Stk.1 \u201dIntuitiv Kunst\u201d er en malergruppe hvis form\u00e5let er, at m\u00f8des for at kunne fordybe sig og inspirere hinanden i at male. At skabe og fremme et socialt samv\u00e6r og netv\u00e6rk blandtmedlemmerne. Stk.2 Det [&hellip;]<\/p>\n","protected":false},"author":1,"featured_media":0,"parent":0,"menu_order":0,"comment_status":"closed","ping_status":"closed","template":"","meta":{"footnotes":""},"class_list":["post-41","page","type-page","status-publish","hentry"],"_links":{"self":[{"href":"https:\/\/intuitivkunst-taastrup.dk\/index.php?rest_route=\/wp\/v2\/pages\/41"}],"collection":[{"href":"https:\/\/intuitivkunst-taastrup.dk\/index.php?rest_route=\/wp\/v2\/pages"}],"about":[{"href":"https:\/\/intuitivkunst-taastrup.dk\/index.php?rest_route=\/wp\/v2\/types\/page"}],"author":[{"embeddable":true,"href":"https:\/\/intuitivkunst-taastrup.dk\/index.php?rest_route=\/wp\/v2\/users\/1"}],"replies":[{"embeddable":true,"href":"https:\/\/intuitivkunst-taastrup.dk\/index.php?rest_route=%2Fwp%2Fv2%2Fcomments&post=41"}],"version-history":[{"count":8,"href":"https:\/\/intuitivkunst-taastrup.dk\/index.php?rest_route=\/wp\/v2\/pages\/41\/revisions"}],"predecessor-version":[{"id":395,"href":"https:\/\/intuitivkunst-taastrup.dk\/index.php?rest_route=\/wp\/v2\/pages\/41\/revisions\/395"}],"wp:attachment":[{"href":"https:\/\/intuitivkunst-taastrup.dk\/index.php?rest_route=%2Fwp%2Fv2%2Fmedia&parent=41"}],"curies":[{"name":"wp","href":"https:\/\/api.w.org\/{rel}","templated":true}]}}