{"id":22,"date":"2023-06-03T21:42:53","date_gmt":"2023-06-03T21:42:53","guid":{"rendered":"http:\/\/intuitivkunst-taastrup.dk\/?page_id=22"},"modified":"2024-09-26T19:21:56","modified_gmt":"2024-09-26T19:21:56","slug":"galleri-lars","status":"publish","type":"page","link":"https:\/\/intuitivkunst-taastrup.dk\/?page_id=22","title":{"rendered":"Galleri Lars"},"content":{"rendered":"\n<p><\/p>\n\n\n\n<div class=\"wp-block-columns is-layout-flex wp-container-core-columns-is-layout-1 wp-block-columns-is-layout-flex\">\n<div class=\"wp-block-column is-layout-flow wp-block-column-is-layout-flow\">\n<p>Title: Virak<\/p>\n\n\n\n<p>St\u00f8rrelse: 80&#215;60 cm<\/p>\n\n\n\n<p>Materiale: Akryl p\u00e5 l\u00e6rred<\/p>\n\n\n\n<p>Bem\u00e6rkninger: <\/p>\n<\/div>\n\n\n\n<div class=\"wp-block-column is-layout-flow wp-block-column-is-layout-flow\">\n<figure class=\"wp-block-gallery has-nested-images columns-default is-cropped wp-block-gallery-1 is-layout-flex wp-block-gallery-is-layout-flex\">\n<figure class=\"wp-block-image size-large\"><img loading=\"lazy\" decoding=\"async\" width=\"1024\" height=\"764\" src=\"https:\/\/intuitivkunst-taastrup.dk\/wp-content\/uploads\/2023\/06\/Virak-1024x764.jpg\" alt=\"\" class=\"wp-image-125\" srcset=\"https:\/\/intuitivkunst-taastrup.dk\/wp-content\/uploads\/2023\/06\/Virak-1024x764.jpg 1024w, https:\/\/intuitivkunst-taastrup.dk\/wp-content\/uploads\/2023\/06\/Virak-300x224.jpg 300w, https:\/\/intuitivkunst-taastrup.dk\/wp-content\/uploads\/2023\/06\/Virak-768x573.jpg 768w, https:\/\/intuitivkunst-taastrup.dk\/wp-content\/uploads\/2023\/06\/Virak-1536x1146.jpg 1536w, https:\/\/intuitivkunst-taastrup.dk\/wp-content\/uploads\/2023\/06\/Virak-2048x1528.jpg 2048w\" sizes=\"(max-width: 1024px) 100vw, 1024px\" \/><\/figure>\n<\/figure>\n<\/div>\n<\/div>\n\n\n\n<div class=\"wp-block-columns is-layout-flex wp-container-core-columns-is-layout-4 wp-block-columns-is-layout-flex\">\n<div class=\"wp-block-column is-layout-flow wp-block-column-is-layout-flow\" style=\"flex-basis:100%\">\n<div class=\"wp-block-group is-layout-constrained wp-block-group-is-layout-constrained\">\n<div class=\"wp-block-columns is-layout-flex wp-container-core-columns-is-layout-3 wp-block-columns-is-layout-flex\">\n<div class=\"wp-block-column is-layout-flow wp-block-column-is-layout-flow\" style=\"flex-basis:100%\">\n<div class=\"wp-block-columns is-layout-flex wp-container-core-columns-is-layout-2 wp-block-columns-is-layout-flex\">\n<div class=\"wp-block-column is-layout-flow wp-block-column-is-layout-flow\">\n<p>Title: Rose<\/p>\n\n\n\n<p>St\u00f8rrelse: 40&#215;40 cm<\/p>\n\n\n\n<p>Materiale: Akryl p\u00e5 l\u00e6rred<\/p>\n\n\n\n<p>Bem\u00e6rkninger: Solgt<\/p>\n<\/div>\n\n\n\n<div class=\"wp-block-column is-layout-flow wp-block-column-is-layout-flow\">\n<figure class=\"wp-block-gallery has-nested-images columns-default is-cropped wp-block-gallery-2 is-layout-flex wp-block-gallery-is-layout-flex\">\n<figure class=\"wp-block-image size-large\"><img loading=\"lazy\" decoding=\"async\" width=\"1024\" height=\"1024\" src=\"https:\/\/intuitivkunst-taastrup.dk\/wp-content\/uploads\/2023\/06\/rose-1024x1024.jpg\" alt=\"\" class=\"wp-image-124\" srcset=\"https:\/\/intuitivkunst-taastrup.dk\/wp-content\/uploads\/2023\/06\/rose-1024x1024.jpg 1024w, https:\/\/intuitivkunst-taastrup.dk\/wp-content\/uploads\/2023\/06\/rose-300x300.jpg 300w, https:\/\/intuitivkunst-taastrup.dk\/wp-content\/uploads\/2023\/06\/rose-150x150.jpg 150w, https:\/\/intuitivkunst-taastrup.dk\/wp-content\/uploads\/2023\/06\/rose-768x769.jpg 768w, https:\/\/intuitivkunst-taastrup.dk\/wp-content\/uploads\/2023\/06\/rose-1534x1536.jpg 1534w\" sizes=\"(max-width: 1024px) 100vw, 1024px\" \/><\/figure>\n<\/figure>\n<\/div>\n<\/div>\n<\/div>\n<\/div>\n<\/div>\n<\/div>\n<\/div>\n\n\n\n<div class=\"wp-block-columns is-layout-flex wp-container-core-columns-is-layout-5 wp-block-columns-is-layout-flex\">\n<div class=\"wp-block-column is-layout-flow wp-block-column-is-layout-flow\">\n<p>Title: Ud i det bl\u00e5<\/p>\n\n\n\n<p>St\u00f8rrelse: 50&#215;40 cm<\/p>\n\n\n\n<p>Materiale: Akryl p\u00e5 l\u00e6rred<\/p>\n\n\n\n<p>Bem\u00e6rkninger: <\/p>\n<\/div>\n\n\n\n<div class=\"wp-block-column is-layout-flow wp-block-column-is-layout-flow\">\n<figure class=\"wp-block-gallery has-nested-images columns-default is-cropped wp-block-gallery-3 is-layout-flex wp-block-gallery-is-layout-flex\">\n<figure class=\"wp-block-image size-large\"><img loading=\"lazy\" decoding=\"async\" width=\"1024\" height=\"783\" src=\"https:\/\/intuitivkunst-taastrup.dk\/wp-content\/uploads\/2023\/06\/Ud-i-det-blaa-1024x783.jpg\" alt=\"\" class=\"wp-image-128\" srcset=\"https:\/\/intuitivkunst-taastrup.dk\/wp-content\/uploads\/2023\/06\/Ud-i-det-blaa-1024x783.jpg 1024w, https:\/\/intuitivkunst-taastrup.dk\/wp-content\/uploads\/2023\/06\/Ud-i-det-blaa-300x229.jpg 300w, https:\/\/intuitivkunst-taastrup.dk\/wp-content\/uploads\/2023\/06\/Ud-i-det-blaa-768x587.jpg 768w, https:\/\/intuitivkunst-taastrup.dk\/wp-content\/uploads\/2023\/06\/Ud-i-det-blaa-1536x1174.jpg 1536w, https:\/\/intuitivkunst-taastrup.dk\/wp-content\/uploads\/2023\/06\/Ud-i-det-blaa-2048x1566.jpg 2048w\" sizes=\"(max-width: 1024px) 100vw, 1024px\" \/><\/figure>\n<\/figure>\n<\/div>\n<\/div>\n\n\n\n<div class=\"wp-block-columns is-layout-flex wp-container-core-columns-is-layout-6 wp-block-columns-is-layout-flex\">\n<div class=\"wp-block-column is-layout-flow wp-block-column-is-layout-flow\">\n<p>Title: Stileben<\/p>\n\n\n\n<p>St\u00f8rrelse: 30&#215;40 cm<\/p>\n\n\n\n<p>Materiale: Akryl p\u00e5 l\u00e6rred<\/p>\n\n\n\n<p>Bem\u00e6rkninger: <\/p>\n<\/div>\n\n\n\n<div class=\"wp-block-column is-layout-flow wp-block-column-is-layout-flow\">\n<figure class=\"wp-block-gallery has-nested-images columns-default is-cropped wp-block-gallery-4 is-layout-flex wp-block-gallery-is-layout-flex\">\n<figure class=\"wp-block-image size-large\"><img loading=\"lazy\" decoding=\"async\" width=\"768\" height=\"1024\" src=\"https:\/\/intuitivkunst-taastrup.dk\/wp-content\/uploads\/2023\/06\/Stileben-02-768x1024.jpg\" alt=\"\" class=\"wp-image-130\" srcset=\"https:\/\/intuitivkunst-taastrup.dk\/wp-content\/uploads\/2023\/06\/Stileben-02-768x1024.jpg 768w, https:\/\/intuitivkunst-taastrup.dk\/wp-content\/uploads\/2023\/06\/Stileben-02-225x300.jpg 225w, https:\/\/intuitivkunst-taastrup.dk\/wp-content\/uploads\/2023\/06\/Stileben-02-1151x1536.jpg 1151w, https:\/\/intuitivkunst-taastrup.dk\/wp-content\/uploads\/2023\/06\/Stileben-02-1535x2048.jpg 1535w, https:\/\/intuitivkunst-taastrup.dk\/wp-content\/uploads\/2023\/06\/Stileben-02-scaled.jpg 1919w\" sizes=\"(max-width: 768px) 100vw, 768px\" \/><\/figure>\n<\/figure>\n<\/div>\n<\/div>\n\n\n\n<div class=\"wp-block-columns is-layout-flex wp-container-core-columns-is-layout-7 wp-block-columns-is-layout-flex\">\n<div class=\"wp-block-column is-layout-flow wp-block-column-is-layout-flow\">\n<p>Title: Stillehav<\/p>\n\n\n\n<p>St\u00f8rrelse: 80&#215;60 cm<\/p>\n\n\n\n<p>Materiale: Akryl p\u00e5 l\u00e6rred<\/p>\n\n\n\n<p>Bem\u00e6rkninger: <\/p>\n<\/div>\n\n\n\n<div class=\"wp-block-column is-layout-flow wp-block-column-is-layout-flow\">\n<figure class=\"wp-block-gallery has-nested-images columns-default is-cropped wp-block-gallery-5 is-layout-flex wp-block-gallery-is-layout-flex\">\n<figure class=\"wp-block-image size-large\"><img loading=\"lazy\" decoding=\"async\" width=\"763\" height=\"1024\" src=\"https:\/\/intuitivkunst-taastrup.dk\/wp-content\/uploads\/2023\/06\/Stillehav-763x1024.jpg\" alt=\"\" class=\"wp-image-129\" srcset=\"https:\/\/intuitivkunst-taastrup.dk\/wp-content\/uploads\/2023\/06\/Stillehav-763x1024.jpg 763w, https:\/\/intuitivkunst-taastrup.dk\/wp-content\/uploads\/2023\/06\/Stillehav-223x300.jpg 223w, https:\/\/intuitivkunst-taastrup.dk\/wp-content\/uploads\/2023\/06\/Stillehav-768x1031.jpg 768w, https:\/\/intuitivkunst-taastrup.dk\/wp-content\/uploads\/2023\/06\/Stillehav-1144x1536.jpg 1144w, https:\/\/intuitivkunst-taastrup.dk\/wp-content\/uploads\/2023\/06\/Stillehav-1526x2048.jpg 1526w, https:\/\/intuitivkunst-taastrup.dk\/wp-content\/uploads\/2023\/06\/Stillehav-scaled.jpg 1907w\" sizes=\"(max-width: 763px) 100vw, 763px\" \/><\/figure>\n<\/figure>\n<\/div>\n<\/div>\n\n\n\n<div class=\"wp-block-columns is-layout-flex wp-container-core-columns-is-layout-8 wp-block-columns-is-layout-flex\">\n<div class=\"wp-block-column is-layout-flow wp-block-column-is-layout-flow\">\n<p>Title: fyraften<\/p>\n\n\n\n<p>St\u00f8rrelse: 15&#215;21 cm<\/p>\n\n\n\n<p>Materiale: Akryl p\u00e5 l\u00e6rred<\/p>\n\n\n\n<p>Bem\u00e6rkninger: <\/p>\n<\/div>\n\n\n\n<div class=\"wp-block-column is-layout-flow wp-block-column-is-layout-flow\">\n<figure class=\"wp-block-gallery has-nested-images columns-default is-cropped wp-block-gallery-6 is-layout-flex wp-block-gallery-is-layout-flex\">\n<figure class=\"wp-block-image size-large\"><img loading=\"lazy\" decoding=\"async\" width=\"747\" height=\"1024\" src=\"https:\/\/intuitivkunst-taastrup.dk\/wp-content\/uploads\/2023\/06\/Fyraften-747x1024.jpg\" alt=\"\" class=\"wp-image-120\" srcset=\"https:\/\/intuitivkunst-taastrup.dk\/wp-content\/uploads\/2023\/06\/Fyraften-747x1024.jpg 747w, https:\/\/intuitivkunst-taastrup.dk\/wp-content\/uploads\/2023\/06\/Fyraften-219x300.jpg 219w, https:\/\/intuitivkunst-taastrup.dk\/wp-content\/uploads\/2023\/06\/Fyraften-768x1053.jpg 768w, https:\/\/intuitivkunst-taastrup.dk\/wp-content\/uploads\/2023\/06\/Fyraften-1120x1536.jpg 1120w, https:\/\/intuitivkunst-taastrup.dk\/wp-content\/uploads\/2023\/06\/Fyraften-1494x2048.jpg 1494w, https:\/\/intuitivkunst-taastrup.dk\/wp-content\/uploads\/2023\/06\/Fyraften-scaled.jpg 1867w\" sizes=\"(max-width: 747px) 100vw, 747px\" \/><\/figure>\n<\/figure>\n<\/div>\n<\/div>\n\n\n\n<div class=\"wp-block-columns is-layout-flex wp-container-core-columns-is-layout-9 wp-block-columns-is-layout-flex\">\n<div class=\"wp-block-column is-layout-flow wp-block-column-is-layout-flow\">\n<p>Title: B\u00e5d<\/p>\n\n\n\n<p>St\u00f8rrelse: 40&#215;40 cm<\/p>\n\n\n\n<p>Materiale: Akryl p\u00e5 l\u00e6rred<\/p>\n\n\n\n<p>Bem\u00e6rkninger: <\/p>\n<\/div>\n\n\n\n<div class=\"wp-block-column is-layout-flow wp-block-column-is-layout-flow\">\n<figure class=\"wp-block-image size-large\"><img loading=\"lazy\" decoding=\"async\" width=\"1021\" height=\"1024\" src=\"https:\/\/intuitivkunst-taastrup.dk\/wp-content\/uploads\/2023\/09\/Baad-1-1021x1024.jpg\" alt=\"\" class=\"wp-image-292\" srcset=\"https:\/\/intuitivkunst-taastrup.dk\/wp-content\/uploads\/2023\/09\/Baad-1-1021x1024.jpg 1021w, https:\/\/intuitivkunst-taastrup.dk\/wp-content\/uploads\/2023\/09\/Baad-1-300x300.jpg 300w, https:\/\/intuitivkunst-taastrup.dk\/wp-content\/uploads\/2023\/09\/Baad-1-150x150.jpg 150w, https:\/\/intuitivkunst-taastrup.dk\/wp-content\/uploads\/2023\/09\/Baad-1-768x770.jpg 768w, https:\/\/intuitivkunst-taastrup.dk\/wp-content\/uploads\/2023\/09\/Baad-1-1531x1536.jpg 1531w, https:\/\/intuitivkunst-taastrup.dk\/wp-content\/uploads\/2023\/09\/Baad-1-2042x2048.jpg 2042w\" sizes=\"(max-width: 1021px) 100vw, 1021px\" \/><\/figure>\n<\/div>\n<\/div>\n\n\n\n<div class=\"wp-block-columns is-layout-flex wp-container-core-columns-is-layout-10 wp-block-columns-is-layout-flex\">\n<div class=\"wp-block-column is-layout-flow wp-block-column-is-layout-flow\">\n<p>Title: B\u00f8nnem\u00f8de<\/p>\n\n\n\n<p>St\u00f8rrelse: 40&#215;40 cm<\/p>\n\n\n\n<p>Materiale: Akryl p\u00e5 l\u00e6rred<\/p>\n\n\n\n<p>Bem\u00e6rkninger: Solgt<\/p>\n<\/div>\n\n\n\n<div class=\"wp-block-column is-layout-flow wp-block-column-is-layout-flow\">\n<figure class=\"wp-block-image size-large\"><img loading=\"lazy\" decoding=\"async\" width=\"1020\" height=\"1024\" src=\"https:\/\/intuitivkunst-taastrup.dk\/wp-content\/uploads\/2023\/09\/Boennemoede-1-1020x1024.jpg\" alt=\"\" class=\"wp-image-291\" srcset=\"https:\/\/intuitivkunst-taastrup.dk\/wp-content\/uploads\/2023\/09\/Boennemoede-1-1020x1024.jpg 1020w, https:\/\/intuitivkunst-taastrup.dk\/wp-content\/uploads\/2023\/09\/Boennemoede-1-300x300.jpg 300w, https:\/\/intuitivkunst-taastrup.dk\/wp-content\/uploads\/2023\/09\/Boennemoede-1-150x150.jpg 150w, https:\/\/intuitivkunst-taastrup.dk\/wp-content\/uploads\/2023\/09\/Boennemoede-1-768x771.jpg 768w, https:\/\/intuitivkunst-taastrup.dk\/wp-content\/uploads\/2023\/09\/Boennemoede-1-1530x1536.jpg 1530w, https:\/\/intuitivkunst-taastrup.dk\/wp-content\/uploads\/2023\/09\/Boennemoede-1.jpg 1952w\" sizes=\"(max-width: 1020px) 100vw, 1020px\" \/><\/figure>\n<\/div>\n<\/div>\n\n\n\n<div class=\"wp-block-columns is-layout-flex wp-container-core-columns-is-layout-11 wp-block-columns-is-layout-flex\">\n<div class=\"wp-block-column is-layout-flow wp-block-column-is-layout-flow\">\n<p>Title: Kop<\/p>\n\n\n\n<p>St\u00f8rrelse: 40&#215;50 cm<\/p>\n\n\n\n<p>Materiale: Akryl p\u00e5 l\u00e6rred<\/p>\n\n\n\n<p>Bem\u00e6rkninger: Solgt<\/p>\n<\/div>\n\n\n\n<div class=\"wp-block-column is-layout-flow wp-block-column-is-layout-flow\">\n<figure class=\"wp-block-gallery has-nested-images columns-default is-cropped wp-block-gallery-7 is-layout-flex wp-block-gallery-is-layout-flex\">\n<figure class=\"wp-block-image size-large\"><img loading=\"lazy\" decoding=\"async\" width=\"1024\" height=\"817\" src=\"https:\/\/intuitivkunst-taastrup.dk\/wp-content\/uploads\/2023\/09\/Kop-1024x817.jpg\" alt=\"\" class=\"wp-image-274\" srcset=\"https:\/\/intuitivkunst-taastrup.dk\/wp-content\/uploads\/2023\/09\/Kop-1024x817.jpg 1024w, https:\/\/intuitivkunst-taastrup.dk\/wp-content\/uploads\/2023\/09\/Kop-300x239.jpg 300w, https:\/\/intuitivkunst-taastrup.dk\/wp-content\/uploads\/2023\/09\/Kop-768x612.jpg 768w, https:\/\/intuitivkunst-taastrup.dk\/wp-content\/uploads\/2023\/09\/Kop-1536x1225.jpg 1536w, https:\/\/intuitivkunst-taastrup.dk\/wp-content\/uploads\/2023\/09\/Kop-2048x1633.jpg 2048w\" sizes=\"(max-width: 1024px) 100vw, 1024px\" \/><\/figure>\n<\/figure>\n<\/div>\n<\/div>\n\n\n\n<div class=\"wp-block-columns is-layout-flex wp-container-core-columns-is-layout-12 wp-block-columns-is-layout-flex\">\n<div class=\"wp-block-column is-layout-flow wp-block-column-is-layout-flow\">\n<p>Title: Stileben<\/p>\n\n\n\n<p>St\u00f8rrelse: 30&#215;44 cm<\/p>\n\n\n\n<p>Materiale: Akryl p\u00e5 papir<\/p>\n\n\n\n<p>Bem\u00e6rkninger: Solgt<\/p>\n<\/div>\n\n\n\n<div class=\"wp-block-column is-layout-flow wp-block-column-is-layout-flow\">\n<figure class=\"wp-block-gallery has-nested-images columns-default is-cropped wp-block-gallery-8 is-layout-flex wp-block-gallery-is-layout-flex\">\n<figure class=\"wp-block-image size-large\"><img loading=\"lazy\" decoding=\"async\" width=\"708\" height=\"1024\" src=\"https:\/\/intuitivkunst-taastrup.dk\/wp-content\/uploads\/2023\/06\/Stileben-01-708x1024.jpg\" alt=\"\" class=\"wp-image-131\" srcset=\"https:\/\/intuitivkunst-taastrup.dk\/wp-content\/uploads\/2023\/06\/Stileben-01-708x1024.jpg 708w, https:\/\/intuitivkunst-taastrup.dk\/wp-content\/uploads\/2023\/06\/Stileben-01-208x300.jpg 208w, https:\/\/intuitivkunst-taastrup.dk\/wp-content\/uploads\/2023\/06\/Stileben-01-768x1110.jpg 768w, https:\/\/intuitivkunst-taastrup.dk\/wp-content\/uploads\/2023\/06\/Stileben-01-1063x1536.jpg 1063w, https:\/\/intuitivkunst-taastrup.dk\/wp-content\/uploads\/2023\/06\/Stileben-01-1417x2048.jpg 1417w, https:\/\/intuitivkunst-taastrup.dk\/wp-content\/uploads\/2023\/06\/Stileben-01-scaled.jpg 1771w\" sizes=\"(max-width: 708px) 100vw, 708px\" \/><\/figure>\n<\/figure>\n<\/div>\n<\/div>\n\n\n\n<div class=\"wp-block-columns is-layout-flex wp-container-core-columns-is-layout-13 wp-block-columns-is-layout-flex\">\n<div class=\"wp-block-column is-layout-flow wp-block-column-is-layout-flow\">\n<p>Title: Abe<\/p>\n\n\n\n<p>St\u00f8rrelse: 40&#215;40 cm<\/p>\n\n\n\n<p>Materiale: Akryl p\u00e5 l\u00e6rred<\/p>\n\n\n\n<p>Bem\u00e6rkninger:<\/p>\n<\/div>\n\n\n\n<div class=\"wp-block-column is-layout-flow wp-block-column-is-layout-flow\">\n<figure class=\"wp-block-image size-large\"><img loading=\"lazy\" decoding=\"async\" width=\"1010\" height=\"1024\" src=\"https:\/\/intuitivkunst-taastrup.dk\/wp-content\/uploads\/2024\/09\/Abe-1010x1024.jpg\" alt=\"\" class=\"wp-image-404\" srcset=\"https:\/\/intuitivkunst-taastrup.dk\/wp-content\/uploads\/2024\/09\/Abe-1010x1024.jpg 1010w, https:\/\/intuitivkunst-taastrup.dk\/wp-content\/uploads\/2024\/09\/Abe-296x300.jpg 296w, https:\/\/intuitivkunst-taastrup.dk\/wp-content\/uploads\/2024\/09\/Abe-768x778.jpg 768w, https:\/\/intuitivkunst-taastrup.dk\/wp-content\/uploads\/2024\/09\/Abe-1516x1536.jpg 1516w, https:\/\/intuitivkunst-taastrup.dk\/wp-content\/uploads\/2024\/09\/Abe-2021x2048.jpg 2021w\" sizes=\"(max-width: 1010px) 100vw, 1010px\" \/><\/figure>\n<\/div>\n<\/div>\n\n\n\n<div class=\"wp-block-columns is-layout-flex wp-container-core-columns-is-layout-14 wp-block-columns-is-layout-flex\">\n<div class=\"wp-block-column is-layout-flow wp-block-column-is-layout-flow\">\n<p>Title: Bi<\/p>\n\n\n\n<p>St\u00f8rrelse: 63&#215;35 cm<\/p>\n\n\n\n<p>Materiale: Akryl p\u00e5 papir<\/p>\n\n\n\n<p>Bem\u00e6rkninger: <\/p>\n<\/div>\n\n\n\n<div class=\"wp-block-column is-layout-flow wp-block-column-is-layout-flow\">\n<figure class=\"wp-block-gallery has-nested-images columns-default is-cropped wp-block-gallery-9 is-layout-flex wp-block-gallery-is-layout-flex\">\n<figure class=\"wp-block-image size-large\"><img loading=\"lazy\" decoding=\"async\" width=\"1024\" height=\"541\" src=\"https:\/\/intuitivkunst-taastrup.dk\/wp-content\/uploads\/2023\/06\/Bi-1024x541.jpg\" alt=\"\" class=\"wp-image-119\" srcset=\"https:\/\/intuitivkunst-taastrup.dk\/wp-content\/uploads\/2023\/06\/Bi-1024x541.jpg 1024w, https:\/\/intuitivkunst-taastrup.dk\/wp-content\/uploads\/2023\/06\/Bi-300x158.jpg 300w, https:\/\/intuitivkunst-taastrup.dk\/wp-content\/uploads\/2023\/06\/Bi-768x406.jpg 768w, https:\/\/intuitivkunst-taastrup.dk\/wp-content\/uploads\/2023\/06\/Bi-1536x811.jpg 1536w, https:\/\/intuitivkunst-taastrup.dk\/wp-content\/uploads\/2023\/06\/Bi-2048x1081.jpg 2048w\" sizes=\"(max-width: 1024px) 100vw, 1024px\" \/><\/figure>\n<\/figure>\n<\/div>\n<\/div>\n\n\n\n<div class=\"wp-block-columns is-layout-flex wp-container-core-columns-is-layout-15 wp-block-columns-is-layout-flex\">\n<div class=\"wp-block-column is-layout-flow wp-block-column-is-layout-flow\">\n<p>Title: Isfugl<\/p>\n\n\n\n<p>St\u00f8rrelse: 63&#215;35 cm<\/p>\n\n\n\n<p>Materiale: Akryl p\u00e5 papir<\/p>\n\n\n\n<p>Bem\u00e6rkninger: <\/p>\n<\/div>\n\n\n\n<div class=\"wp-block-column is-layout-flow wp-block-column-is-layout-flow\">\n<figure class=\"wp-block-gallery has-nested-images columns-default is-cropped wp-block-gallery-10 is-layout-flex wp-block-gallery-is-layout-flex\">\n<figure class=\"wp-block-image size-large\"><img loading=\"lazy\" decoding=\"async\" width=\"1024\" height=\"554\" src=\"https:\/\/intuitivkunst-taastrup.dk\/wp-content\/uploads\/2023\/06\/Isfugl-1024x554.jpg\" alt=\"\" class=\"wp-image-123\" srcset=\"https:\/\/intuitivkunst-taastrup.dk\/wp-content\/uploads\/2023\/06\/Isfugl-1024x554.jpg 1024w, https:\/\/intuitivkunst-taastrup.dk\/wp-content\/uploads\/2023\/06\/Isfugl-300x162.jpg 300w, https:\/\/intuitivkunst-taastrup.dk\/wp-content\/uploads\/2023\/06\/Isfugl-768x416.jpg 768w, https:\/\/intuitivkunst-taastrup.dk\/wp-content\/uploads\/2023\/06\/Isfugl-1536x831.jpg 1536w, https:\/\/intuitivkunst-taastrup.dk\/wp-content\/uploads\/2023\/06\/Isfugl-2048x1109.jpg 2048w\" sizes=\"(max-width: 1024px) 100vw, 1024px\" \/><\/figure>\n<\/figure>\n<\/div>\n<\/div>\n\n\n\n<div class=\"wp-block-columns is-layout-flex wp-container-core-columns-is-layout-16 wp-block-columns-is-layout-flex\">\n<div class=\"wp-block-column is-layout-flow wp-block-column-is-layout-flow\">\n<p>Title: M\u00e5ge<\/p>\n\n\n\n<p>St\u00f8rrelse: 63&#215;35 cm<\/p>\n\n\n\n<p>Materiale: Akryl p\u00e5 papir<\/p>\n\n\n\n<p>Bem\u00e6rkninger: <\/p>\n<\/div>\n\n\n\n<div class=\"wp-block-column is-layout-flow wp-block-column-is-layout-flow\">\n<figure class=\"wp-block-gallery has-nested-images columns-default is-cropped wp-block-gallery-11 is-layout-flex wp-block-gallery-is-layout-flex\">\n<figure class=\"wp-block-image size-large\"><img loading=\"lazy\" decoding=\"async\" width=\"1024\" height=\"561\" src=\"https:\/\/intuitivkunst-taastrup.dk\/wp-content\/uploads\/2023\/06\/Maage-1024x561.jpg\" alt=\"\" class=\"wp-image-121\" srcset=\"https:\/\/intuitivkunst-taastrup.dk\/wp-content\/uploads\/2023\/06\/Maage-1024x561.jpg 1024w, https:\/\/intuitivkunst-taastrup.dk\/wp-content\/uploads\/2023\/06\/Maage-300x164.jpg 300w, https:\/\/intuitivkunst-taastrup.dk\/wp-content\/uploads\/2023\/06\/Maage-768x421.jpg 768w, https:\/\/intuitivkunst-taastrup.dk\/wp-content\/uploads\/2023\/06\/Maage-1536x841.jpg 1536w, https:\/\/intuitivkunst-taastrup.dk\/wp-content\/uploads\/2023\/06\/Maage-2048x1122.jpg 2048w\" sizes=\"(max-width: 1024px) 100vw, 1024px\" \/><\/figure>\n<\/figure>\n<\/div>\n<\/div>\n\n\n\n<div class=\"wp-block-columns is-layout-flex wp-container-core-columns-is-layout-17 wp-block-columns-is-layout-flex\">\n<div class=\"wp-block-column is-layout-flow wp-block-column-is-layout-flow\">\n<p>Title: Uden titel<\/p>\n\n\n\n<p>St\u00f8rrelse: 63&#215;35 cm<\/p>\n\n\n\n<p>Materiale: Akryl p\u00e5 papir<\/p>\n\n\n\n<p>Bem\u00e6rkninger: <\/p>\n<\/div>\n\n\n\n<div class=\"wp-block-column is-layout-flow wp-block-column-is-layout-flow\">\n<figure class=\"wp-block-gallery has-nested-images columns-default is-cropped wp-block-gallery-12 is-layout-flex wp-block-gallery-is-layout-flex\">\n<figure class=\"wp-block-image size-large\"><img loading=\"lazy\" decoding=\"async\" width=\"1024\" height=\"545\" src=\"https:\/\/intuitivkunst-taastrup.dk\/wp-content\/uploads\/2023\/06\/IUden-titel-02-1024x545.jpg\" alt=\"\" class=\"wp-image-122\" srcset=\"https:\/\/intuitivkunst-taastrup.dk\/wp-content\/uploads\/2023\/06\/IUden-titel-02-1024x545.jpg 1024w, https:\/\/intuitivkunst-taastrup.dk\/wp-content\/uploads\/2023\/06\/IUden-titel-02-300x160.jpg 300w, https:\/\/intuitivkunst-taastrup.dk\/wp-content\/uploads\/2023\/06\/IUden-titel-02-768x409.jpg 768w, https:\/\/intuitivkunst-taastrup.dk\/wp-content\/uploads\/2023\/06\/IUden-titel-02-1536x817.jpg 1536w, https:\/\/intuitivkunst-taastrup.dk\/wp-content\/uploads\/2023\/06\/IUden-titel-02-2048x1089.jpg 2048w\" sizes=\"(max-width: 1024px) 100vw, 1024px\" \/><\/figure>\n<\/figure>\n<\/div>\n<\/div>\n\n\n\n<div class=\"wp-block-columns is-layout-flex wp-container-core-columns-is-layout-18 wp-block-columns-is-layout-flex\">\n<div class=\"wp-block-column is-layout-flow wp-block-column-is-layout-flow\">\n<p>Title: Uden titel<\/p>\n\n\n\n<p>St\u00f8rrelse: 63&#215;35 cm<\/p>\n\n\n\n<p>Materiale: Akryl p\u00e5 papir<\/p>\n\n\n\n<p>Bem\u00e6rkninger: <\/p>\n<\/div>\n\n\n\n<div class=\"wp-block-column is-layout-flow wp-block-column-is-layout-flow\">\n<figure class=\"wp-block-gallery has-nested-images columns-default is-cropped wp-block-gallery-13 is-layout-flex wp-block-gallery-is-layout-flex\">\n<figure class=\"wp-block-image size-large\"><img loading=\"lazy\" decoding=\"async\" width=\"1024\" height=\"554\" src=\"https:\/\/intuitivkunst-taastrup.dk\/wp-content\/uploads\/2023\/06\/Uden-titel-01-1024x554.jpg\" alt=\"\" class=\"wp-image-127\" srcset=\"https:\/\/intuitivkunst-taastrup.dk\/wp-content\/uploads\/2023\/06\/Uden-titel-01-1024x554.jpg 1024w, https:\/\/intuitivkunst-taastrup.dk\/wp-content\/uploads\/2023\/06\/Uden-titel-01-300x162.jpg 300w, https:\/\/intuitivkunst-taastrup.dk\/wp-content\/uploads\/2023\/06\/Uden-titel-01-768x415.jpg 768w, https:\/\/intuitivkunst-taastrup.dk\/wp-content\/uploads\/2023\/06\/Uden-titel-01-1536x831.jpg 1536w, https:\/\/intuitivkunst-taastrup.dk\/wp-content\/uploads\/2023\/06\/Uden-titel-01-2048x1108.jpg 2048w\" sizes=\"(max-width: 1024px) 100vw, 1024px\" \/><\/figure>\n<\/figure>\n<\/div>\n<\/div>\n\n\n\n<div class=\"wp-block-columns is-layout-flex wp-container-core-columns-is-layout-19 wp-block-columns-is-layout-flex\">\n<div class=\"wp-block-column is-layout-flow wp-block-column-is-layout-flow\">\n<p>Title: Uden titel<\/p>\n\n\n\n<p>St\u00f8rrelse: 63&#215;35 cm<\/p>\n\n\n\n<p>Materiale: Akryl p\u00e5 papir<\/p>\n\n\n\n<p>Bem\u00e6rkninger: Solgt<\/p>\n<\/div>\n\n\n\n<div class=\"wp-block-column is-layout-flow wp-block-column-is-layout-flow\">\n<figure class=\"wp-block-gallery has-nested-images columns-default is-cropped wp-block-gallery-14 is-layout-flex wp-block-gallery-is-layout-flex\">\n<figure class=\"wp-block-image size-large\"><img loading=\"lazy\" decoding=\"async\" width=\"1024\" height=\"548\" src=\"https:\/\/intuitivkunst-taastrup.dk\/wp-content\/uploads\/2023\/06\/Uden-titel-03-1024x548.jpg\" alt=\"\" class=\"wp-image-126\" srcset=\"https:\/\/intuitivkunst-taastrup.dk\/wp-content\/uploads\/2023\/06\/Uden-titel-03-1024x548.jpg 1024w, https:\/\/intuitivkunst-taastrup.dk\/wp-content\/uploads\/2023\/06\/Uden-titel-03-300x160.jpg 300w, https:\/\/intuitivkunst-taastrup.dk\/wp-content\/uploads\/2023\/06\/Uden-titel-03-768x411.jpg 768w, https:\/\/intuitivkunst-taastrup.dk\/wp-content\/uploads\/2023\/06\/Uden-titel-03-1536x822.jpg 1536w, https:\/\/intuitivkunst-taastrup.dk\/wp-content\/uploads\/2023\/06\/Uden-titel-03-2048x1095.jpg 2048w\" sizes=\"(max-width: 1024px) 100vw, 1024px\" \/><\/figure>\n<\/figure>\n<\/div>\n<\/div>\n\n\n\n<p><\/p>\n","protected":false},"excerpt":{"rendered":"<p>Title: Virak St\u00f8rrelse: 80&#215;60 cm Materiale: Akryl p\u00e5 l\u00e6rred Bem\u00e6rkninger: Title: Rose St\u00f8rrelse: 40&#215;40 cm Materiale: Akryl p\u00e5 l\u00e6rred Bem\u00e6rkninger: Solgt Title: Ud i det bl\u00e5 St\u00f8rrelse: 50&#215;40 cm Materiale: Akryl p\u00e5 l\u00e6rred Bem\u00e6rkninger: Title: Stileben St\u00f8rrelse: 30&#215;40 cm Materiale: Akryl p\u00e5 l\u00e6rred Bem\u00e6rkninger: Title: Stillehav St\u00f8rrelse: 80&#215;60 cm Materiale: Akryl p\u00e5 l\u00e6rred Bem\u00e6rkninger: Title: [&hellip;]<\/p>\n","protected":false},"author":1,"featured_media":0,"parent":96,"menu_order":0,"comment_status":"closed","ping_status":"closed","template":"","meta":{"footnotes":""},"class_list":["post-22","page","type-page","status-publish","hentry"],"_links":{"self":[{"href":"https:\/\/intuitivkunst-taastrup.dk\/index.php?rest_route=\/wp\/v2\/pages\/22"}],"collection":[{"href":"https:\/\/intuitivkunst-taastrup.dk\/index.php?rest_route=\/wp\/v2\/pages"}],"about":[{"href":"https:\/\/intuitivkunst-taastrup.dk\/index.php?rest_route=\/wp\/v2\/types\/page"}],"author":[{"embeddable":true,"href":"https:\/\/intuitivkunst-taastrup.dk\/index.php?rest_route=\/wp\/v2\/users\/1"}],"replies":[{"embeddable":true,"href":"https:\/\/intuitivkunst-taastrup.dk\/index.php?rest_route=%2Fwp%2Fv2%2Fcomments&post=22"}],"version-history":[{"count":9,"href":"https:\/\/intuitivkunst-taastrup.dk\/index.php?rest_route=\/wp\/v2\/pages\/22\/revisions"}],"predecessor-version":[{"id":406,"href":"https:\/\/intuitivkunst-taastrup.dk\/index.php?rest_route=\/wp\/v2\/pages\/22\/revisions\/406"}],"up":[{"embeddable":true,"href":"https:\/\/intuitivkunst-taastrup.dk\/index.php?rest_route=\/wp\/v2\/pages\/96"}],"wp:attachment":[{"href":"https:\/\/intuitivkunst-taastrup.dk\/index.php?rest_route=%2Fwp%2Fv2%2Fmedia&parent=22"}],"curies":[{"name":"wp","href":"https:\/\/api.w.org\/{rel}","templated":true}]}}