{"id":190,"date":"2023-09-02T19:56:25","date_gmt":"2023-09-02T19:56:25","guid":{"rendered":"https:\/\/intuitivkunst-taastrup.dk\/?page_id=190"},"modified":"2023-09-17T15:26:05","modified_gmt":"2023-09-17T15:26:05","slug":"galleri-lars-2","status":"publish","type":"page","link":"https:\/\/intuitivkunst-taastrup.dk\/?page_id=190","title":{"rendered":"Galleri Dorte"},"content":{"rendered":"\n<p><\/p>\n\n\n\n<div class=\"wp-block-columns is-layout-flex wp-container-core-columns-is-layout-1 wp-block-columns-is-layout-flex\">\n<div class=\"wp-block-column is-layout-flow wp-block-column-is-layout-flow\">\n<p>Title: <\/p>\n\n\n\n<p>St\u00f8rrelse: <\/p>\n\n\n\n<p>Materiale: Akryl p\u00e5 l\u00e6rred<\/p>\n\n\n\n<p>Bem\u00e6rkninger: Solgt<\/p>\n<\/div>\n\n\n\n<div class=\"wp-block-column is-layout-flow wp-block-column-is-layout-flow\">\n<figure class=\"wp-block-gallery has-nested-images columns-default is-cropped wp-block-gallery-1 is-layout-flex wp-block-gallery-is-layout-flex\">\n<figure class=\"wp-block-image size-large\"><img decoding=\"async\" src=\"https:\/\/intuitivkunst-taastrup.dk\/wp-content\/uploads\/2023\/09\/Dorte-01.jpeg\" alt=\"\" class=\"wp-image-191\"\/><\/figure>\n<\/figure>\n<\/div>\n<\/div>\n\n\n\n<div class=\"wp-block-columns is-layout-flex wp-container-core-columns-is-layout-4 wp-block-columns-is-layout-flex\">\n<div class=\"wp-block-column is-layout-flow wp-block-column-is-layout-flow\" style=\"flex-basis:100%\">\n<div class=\"wp-block-group is-layout-constrained wp-block-group-is-layout-constrained\">\n<div class=\"wp-block-columns is-layout-flex wp-container-core-columns-is-layout-3 wp-block-columns-is-layout-flex\">\n<div class=\"wp-block-column is-layout-flow wp-block-column-is-layout-flow\" style=\"flex-basis:100%\">\n<div class=\"wp-block-columns is-layout-flex wp-container-core-columns-is-layout-2 wp-block-columns-is-layout-flex\">\n<div class=\"wp-block-column is-layout-flow wp-block-column-is-layout-flow\">\n<p>Title: <\/p>\n\n\n\n<p>St\u00f8rrelse: <\/p>\n\n\n\n<p>Materiale: Akryl p\u00e5 l\u00e6rred<\/p>\n\n\n\n<p>Bem\u00e6rkninger: <\/p>\n<\/div>\n\n\n\n<div class=\"wp-block-column is-layout-flow wp-block-column-is-layout-flow\">\n<figure class=\"wp-block-gallery has-nested-images columns-default is-cropped wp-block-gallery-2 is-layout-flex wp-block-gallery-is-layout-flex\">\n<figure class=\"wp-block-image size-large\"><img loading=\"lazy\" decoding=\"async\" width=\"750\" height=\"985\" src=\"https:\/\/intuitivkunst-taastrup.dk\/wp-content\/uploads\/2023\/09\/Dorte-02.jpeg\" alt=\"\" class=\"wp-image-192\" srcset=\"https:\/\/intuitivkunst-taastrup.dk\/wp-content\/uploads\/2023\/09\/Dorte-02.jpeg 750w, https:\/\/intuitivkunst-taastrup.dk\/wp-content\/uploads\/2023\/09\/Dorte-02-228x300.jpeg 228w\" sizes=\"(max-width: 750px) 100vw, 750px\" \/><\/figure>\n<\/figure>\n<\/div>\n<\/div>\n<\/div>\n<\/div>\n<\/div>\n<\/div>\n<\/div>\n\n\n\n<div class=\"wp-block-columns is-layout-flex wp-container-core-columns-is-layout-5 wp-block-columns-is-layout-flex\">\n<div class=\"wp-block-column is-layout-flow wp-block-column-is-layout-flow\">\n<p>Title:<\/p>\n\n\n\n<p>St\u00f8rrelse: <\/p>\n\n\n\n<p>Materiale: Akryl p\u00e5 l\u00e6rred<\/p>\n\n\n\n<p>Bem\u00e6rkninger: <\/p>\n<\/div>\n\n\n\n<div class=\"wp-block-column is-layout-flow wp-block-column-is-layout-flow\">\n<figure class=\"wp-block-gallery has-nested-images columns-default is-cropped wp-block-gallery-3 is-layout-flex wp-block-gallery-is-layout-flex\">\n<figure class=\"wp-block-image size-large\"><img loading=\"lazy\" decoding=\"async\" width=\"640\" height=\"472\" src=\"https:\/\/intuitivkunst-taastrup.dk\/wp-content\/uploads\/2023\/09\/Dorte-04.jpeg\" alt=\"\" class=\"wp-image-193\" srcset=\"https:\/\/intuitivkunst-taastrup.dk\/wp-content\/uploads\/2023\/09\/Dorte-04.jpeg 640w, https:\/\/intuitivkunst-taastrup.dk\/wp-content\/uploads\/2023\/09\/Dorte-04-300x221.jpeg 300w\" sizes=\"(max-width: 640px) 100vw, 640px\" \/><\/figure>\n<\/figure>\n<\/div>\n<\/div>\n\n\n\n<div class=\"wp-block-columns is-layout-flex wp-container-core-columns-is-layout-6 wp-block-columns-is-layout-flex\">\n<div class=\"wp-block-column is-layout-flow wp-block-column-is-layout-flow\">\n<p>Title: Stileben<\/p>\n\n\n\n<p>St\u00f8rrelse: <\/p>\n\n\n\n<p>Materiale: Akryl p\u00e5 l\u00e6rred<\/p>\n\n\n\n<p>Bem\u00e6rkninger: <\/p>\n<\/div>\n\n\n\n<div class=\"wp-block-column is-layout-flow wp-block-column-is-layout-flow\">\n<figure class=\"wp-block-gallery has-nested-images columns-default is-cropped wp-block-gallery-4 is-layout-flex wp-block-gallery-is-layout-flex\">\n<figure class=\"wp-block-image size-large\"><img decoding=\"async\" src=\"https:\/\/intuitivkunst-taastrup.dk\/wp-content\/uploads\/2023\/09\/Dorte-05.jpeg\" alt=\"\" class=\"wp-image-194\"\/><\/figure>\n<\/figure>\n<\/div>\n<\/div>\n\n\n\n<div class=\"wp-block-columns is-layout-flex wp-container-core-columns-is-layout-7 wp-block-columns-is-layout-flex\">\n<div class=\"wp-block-column is-layout-flow wp-block-column-is-layout-flow\">\n<p>Title:<\/p>\n\n\n\n<p>St\u00f8rrelse: <\/p>\n\n\n\n<p>Materiale: Akryl p\u00e5 l\u00e6rred<\/p>\n\n\n\n<p>Bem\u00e6rkninger: <\/p>\n<\/div>\n\n\n\n<div class=\"wp-block-column is-layout-flow wp-block-column-is-layout-flow\">\n<figure class=\"wp-block-gallery has-nested-images columns-default is-cropped wp-block-gallery-5 is-layout-flex wp-block-gallery-is-layout-flex\">\n<figure class=\"wp-block-image size-large\"><img loading=\"lazy\" decoding=\"async\" width=\"482\" height=\"640\" src=\"https:\/\/intuitivkunst-taastrup.dk\/wp-content\/uploads\/2023\/09\/Dorte-06-1.jpeg\" alt=\"\" class=\"wp-image-199\" srcset=\"https:\/\/intuitivkunst-taastrup.dk\/wp-content\/uploads\/2023\/09\/Dorte-06-1.jpeg 482w, https:\/\/intuitivkunst-taastrup.dk\/wp-content\/uploads\/2023\/09\/Dorte-06-1-226x300.jpeg 226w\" sizes=\"(max-width: 482px) 100vw, 482px\" \/><\/figure>\n<\/figure>\n<\/div>\n<\/div>\n\n\n\n<div class=\"wp-block-columns is-layout-flex wp-container-core-columns-is-layout-8 wp-block-columns-is-layout-flex\">\n<div class=\"wp-block-column is-layout-flow wp-block-column-is-layout-flow\">\n<p>Title:<\/p>\n\n\n\n<p>St\u00f8rrelse: <\/p>\n\n\n\n<p>Materiale: Akryl p\u00e5 l\u00e6rred<\/p>\n\n\n\n<p>Bem\u00e6rkninger: <\/p>\n<\/div>\n\n\n\n<div class=\"wp-block-column is-layout-flow wp-block-column-is-layout-flow\">\n<figure class=\"wp-block-gallery has-nested-images columns-default is-cropped wp-block-gallery-6 is-layout-flex wp-block-gallery-is-layout-flex\">\n<figure class=\"wp-block-image size-large\"><img decoding=\"async\" src=\"https:\/\/intuitivkunst-taastrup.dk\/wp-content\/uploads\/2023\/09\/Dorthe-03.jpeg\" alt=\"\" class=\"wp-image-198\"\/><\/figure>\n<\/figure>\n<\/div>\n<\/div>\n\n\n\n<div class=\"wp-block-columns is-layout-flex wp-container-core-columns-is-layout-9 wp-block-columns-is-layout-flex\">\n<div class=\"wp-block-column is-layout-flow wp-block-column-is-layout-flow\">\n<p>Title: <\/p>\n\n\n\n<p>St\u00f8rrelse: <\/p>\n\n\n\n<p>Materiale: Akryl p\u00e5 papir<\/p>\n\n\n\n<p>Bem\u00e6rkninger: <\/p>\n<\/div>\n\n\n\n<div class=\"wp-block-column is-layout-flow wp-block-column-is-layout-flow\">\n<figure class=\"wp-block-gallery has-nested-images columns-default is-cropped wp-block-gallery-7 is-layout-flex wp-block-gallery-is-layout-flex\">\n<figure class=\"wp-block-image size-large\"><img loading=\"lazy\" decoding=\"async\" width=\"362\" height=\"360\" src=\"https:\/\/intuitivkunst-taastrup.dk\/wp-content\/uploads\/2023\/09\/Dorthe-06.png\" alt=\"\" class=\"wp-image-197\" srcset=\"https:\/\/intuitivkunst-taastrup.dk\/wp-content\/uploads\/2023\/09\/Dorthe-06.png 362w, https:\/\/intuitivkunst-taastrup.dk\/wp-content\/uploads\/2023\/09\/Dorthe-06-300x298.png 300w, https:\/\/intuitivkunst-taastrup.dk\/wp-content\/uploads\/2023\/09\/Dorthe-06-150x150.png 150w\" sizes=\"(max-width: 362px) 100vw, 362px\" \/><\/figure>\n<\/figure>\n<\/div>\n<\/div>\n\n\n\n<p><\/p>\n","protected":false},"excerpt":{"rendered":"<p>Title: St\u00f8rrelse: Materiale: Akryl p\u00e5 l\u00e6rred Bem\u00e6rkninger: Solgt Title: St\u00f8rrelse: Materiale: Akryl p\u00e5 l\u00e6rred Bem\u00e6rkninger: Title: St\u00f8rrelse: Materiale: Akryl p\u00e5 l\u00e6rred Bem\u00e6rkninger: Title: Stileben St\u00f8rrelse: Materiale: Akryl p\u00e5 l\u00e6rred Bem\u00e6rkninger: Title: St\u00f8rrelse: Materiale: Akryl p\u00e5 l\u00e6rred Bem\u00e6rkninger: Title: St\u00f8rrelse: Materiale: Akryl p\u00e5 l\u00e6rred Bem\u00e6rkninger: Title: St\u00f8rrelse: Materiale: Akryl p\u00e5 papir Bem\u00e6rkninger:<\/p>\n","protected":false},"author":1,"featured_media":0,"parent":96,"menu_order":0,"comment_status":"closed","ping_status":"closed","template":"","meta":{"footnotes":""},"class_list":["post-190","page","type-page","status-publish","hentry"],"_links":{"self":[{"href":"https:\/\/intuitivkunst-taastrup.dk\/index.php?rest_route=\/wp\/v2\/pages\/190"}],"collection":[{"href":"https:\/\/intuitivkunst-taastrup.dk\/index.php?rest_route=\/wp\/v2\/pages"}],"about":[{"href":"https:\/\/intuitivkunst-taastrup.dk\/index.php?rest_route=\/wp\/v2\/types\/page"}],"author":[{"embeddable":true,"href":"https:\/\/intuitivkunst-taastrup.dk\/index.php?rest_route=\/wp\/v2\/users\/1"}],"replies":[{"embeddable":true,"href":"https:\/\/intuitivkunst-taastrup.dk\/index.php?rest_route=%2Fwp%2Fv2%2Fcomments&post=190"}],"version-history":[{"count":3,"href":"https:\/\/intuitivkunst-taastrup.dk\/index.php?rest_route=\/wp\/v2\/pages\/190\/revisions"}],"predecessor-version":[{"id":217,"href":"https:\/\/intuitivkunst-taastrup.dk\/index.php?rest_route=\/wp\/v2\/pages\/190\/revisions\/217"}],"up":[{"embeddable":true,"href":"https:\/\/intuitivkunst-taastrup.dk\/index.php?rest_route=\/wp\/v2\/pages\/96"}],"wp:attachment":[{"href":"https:\/\/intuitivkunst-taastrup.dk\/index.php?rest_route=%2Fwp%2Fv2%2Fmedia&parent=190"}],"curies":[{"name":"wp","href":"https:\/\/api.w.org\/{rel}","templated":true}]}}