{"id":169,"date":"2023-09-02T19:37:21","date_gmt":"2023-09-02T19:37:21","guid":{"rendered":"https:\/\/intuitivkunst-taastrup.dk\/?page_id=169"},"modified":"2023-09-23T17:23:43","modified_gmt":"2023-09-23T17:23:43","slug":"galleri-lars-4-2","status":"publish","type":"page","link":"https:\/\/intuitivkunst-taastrup.dk\/?page_id=169","title":{"rendered":"Galleri Sabine Chaka"},"content":{"rendered":"\n<p><\/p>\n\n\n\n<div class=\"wp-block-columns is-layout-flex wp-container-core-columns-is-layout-1 wp-block-columns-is-layout-flex\">\n<div class=\"wp-block-column is-layout-flow wp-block-column-is-layout-flow\">\n<p>Title: <\/p>\n\n\n\n<p>St\u00f8rrelse: 40&#215;50 cm<\/p>\n\n\n\n<p>Materiale: Akryl p\u00e5 l\u00e6rred<\/p>\n\n\n\n<p>Bem\u00e6rkninger:<\/p>\n<\/div>\n\n\n\n<div class=\"wp-block-column is-layout-flow wp-block-column-is-layout-flow\">\n<figure class=\"wp-block-gallery has-nested-images columns-default is-cropped wp-block-gallery-1 is-layout-flex wp-block-gallery-is-layout-flex\">\n<figure class=\"wp-block-image size-large\"><img loading=\"lazy\" decoding=\"async\" width=\"822\" height=\"1024\" src=\"https:\/\/intuitivkunst-taastrup.dk\/wp-content\/uploads\/2023\/09\/Chaka-01-1-822x1024.jpg\" alt=\"\" class=\"wp-image-171\" srcset=\"https:\/\/intuitivkunst-taastrup.dk\/wp-content\/uploads\/2023\/09\/Chaka-01-1-822x1024.jpg 822w, https:\/\/intuitivkunst-taastrup.dk\/wp-content\/uploads\/2023\/09\/Chaka-01-1-241x300.jpg 241w, https:\/\/intuitivkunst-taastrup.dk\/wp-content\/uploads\/2023\/09\/Chaka-01-1-768x956.jpg 768w, https:\/\/intuitivkunst-taastrup.dk\/wp-content\/uploads\/2023\/09\/Chaka-01-1.jpg 1028w\" sizes=\"(max-width: 822px) 100vw, 822px\" \/><\/figure>\n<\/figure>\n<\/div>\n<\/div>\n\n\n\n<div class=\"wp-block-columns is-layout-flex wp-container-core-columns-is-layout-4 wp-block-columns-is-layout-flex\">\n<div class=\"wp-block-column is-layout-flow wp-block-column-is-layout-flow\" style=\"flex-basis:100%\">\n<div class=\"wp-block-group is-layout-constrained wp-block-group-is-layout-constrained\">\n<div class=\"wp-block-columns is-layout-flex wp-container-core-columns-is-layout-3 wp-block-columns-is-layout-flex\">\n<div class=\"wp-block-column is-layout-flow wp-block-column-is-layout-flow\" style=\"flex-basis:100%\">\n<div class=\"wp-block-columns is-layout-flex wp-container-core-columns-is-layout-2 wp-block-columns-is-layout-flex\">\n<div class=\"wp-block-column is-layout-flow wp-block-column-is-layout-flow\">\n<p>Title: <\/p>\n\n\n\n<p>St\u00f8rrelse: 50&#215;60 cm<\/p>\n\n\n\n<p>Materiale: Akryl p\u00e5 l\u00e6rred<\/p>\n\n\n\n<p>Bem\u00e6rkninger: <\/p>\n<\/div>\n\n\n\n<div class=\"wp-block-column is-layout-flow wp-block-column-is-layout-flow\">\n<figure class=\"wp-block-gallery has-nested-images columns-default is-cropped wp-block-gallery-2 is-layout-flex wp-block-gallery-is-layout-flex\">\n<figure class=\"wp-block-image size-large\"><img loading=\"lazy\" decoding=\"async\" width=\"855\" height=\"1024\" src=\"https:\/\/intuitivkunst-taastrup.dk\/wp-content\/uploads\/2023\/09\/Chaka-02-855x1024.jpg\" alt=\"\" class=\"wp-image-172\" srcset=\"https:\/\/intuitivkunst-taastrup.dk\/wp-content\/uploads\/2023\/09\/Chaka-02-855x1024.jpg 855w, https:\/\/intuitivkunst-taastrup.dk\/wp-content\/uploads\/2023\/09\/Chaka-02-251x300.jpg 251w, https:\/\/intuitivkunst-taastrup.dk\/wp-content\/uploads\/2023\/09\/Chaka-02-768x920.jpg 768w, https:\/\/intuitivkunst-taastrup.dk\/wp-content\/uploads\/2023\/09\/Chaka-02-1283x1536.jpg 1283w, https:\/\/intuitivkunst-taastrup.dk\/wp-content\/uploads\/2023\/09\/Chaka-02.jpg 1429w\" sizes=\"(max-width: 855px) 100vw, 855px\" \/><\/figure>\n<\/figure>\n<\/div>\n<\/div>\n<\/div>\n<\/div>\n<\/div>\n<\/div>\n<\/div>\n\n\n\n<div class=\"wp-block-columns is-layout-flex wp-container-core-columns-is-layout-5 wp-block-columns-is-layout-flex\">\n<div class=\"wp-block-column is-layout-flow wp-block-column-is-layout-flow\">\n<p>Title: <\/p>\n\n\n\n<p>St\u00f8rrelse: 80&#215;65 cm<\/p>\n\n\n\n<p>Materiale: Akryl p\u00e5 l\u00e6rred<\/p>\n\n\n\n<p>Bem\u00e6rkninger: <\/p>\n<\/div>\n\n\n\n<div class=\"wp-block-column is-layout-flow wp-block-column-is-layout-flow\">\n<figure class=\"wp-block-gallery has-nested-images columns-default is-cropped wp-block-gallery-3 is-layout-flex wp-block-gallery-is-layout-flex\">\n<figure class=\"wp-block-image size-large\"><img loading=\"lazy\" decoding=\"async\" width=\"834\" height=\"1024\" src=\"https:\/\/intuitivkunst-taastrup.dk\/wp-content\/uploads\/2023\/09\/Chaka-03-834x1024.jpg\" alt=\"\" class=\"wp-image-173\" srcset=\"https:\/\/intuitivkunst-taastrup.dk\/wp-content\/uploads\/2023\/09\/Chaka-03-834x1024.jpg 834w, https:\/\/intuitivkunst-taastrup.dk\/wp-content\/uploads\/2023\/09\/Chaka-03-244x300.jpg 244w, https:\/\/intuitivkunst-taastrup.dk\/wp-content\/uploads\/2023\/09\/Chaka-03-768x943.jpg 768w, https:\/\/intuitivkunst-taastrup.dk\/wp-content\/uploads\/2023\/09\/Chaka-03.jpg 1140w\" sizes=\"(max-width: 834px) 100vw, 834px\" \/><\/figure>\n<\/figure>\n<\/div>\n<\/div>\n\n\n\n<div class=\"wp-block-columns is-layout-flex wp-container-core-columns-is-layout-6 wp-block-columns-is-layout-flex\">\n<div class=\"wp-block-column is-layout-flow wp-block-column-is-layout-flow\">\n<p>Title: <\/p>\n\n\n\n<p>St\u00f8rrelse: 101&#215;81 cm<\/p>\n\n\n\n<p>Materiale: Akryl p\u00e5 l\u00e6rred<\/p>\n\n\n\n<p>Bem\u00e6rkninger: <\/p>\n<\/div>\n\n\n\n<div class=\"wp-block-column is-layout-flow wp-block-column-is-layout-flow\">\n<figure class=\"wp-block-gallery has-nested-images columns-default is-cropped wp-block-gallery-4 is-layout-flex wp-block-gallery-is-layout-flex\">\n<figure class=\"wp-block-image size-large\"><img loading=\"lazy\" decoding=\"async\" width=\"835\" height=\"1024\" src=\"https:\/\/intuitivkunst-taastrup.dk\/wp-content\/uploads\/2023\/09\/Chaka-04-835x1024.jpg\" alt=\"\" class=\"wp-image-174\" srcset=\"https:\/\/intuitivkunst-taastrup.dk\/wp-content\/uploads\/2023\/09\/Chaka-04-835x1024.jpg 835w, https:\/\/intuitivkunst-taastrup.dk\/wp-content\/uploads\/2023\/09\/Chaka-04-245x300.jpg 245w, https:\/\/intuitivkunst-taastrup.dk\/wp-content\/uploads\/2023\/09\/Chaka-04-768x942.jpg 768w, https:\/\/intuitivkunst-taastrup.dk\/wp-content\/uploads\/2023\/09\/Chaka-04.jpg 1044w\" sizes=\"(max-width: 835px) 100vw, 835px\" \/><\/figure>\n<\/figure>\n<\/div>\n<\/div>\n\n\n\n<div class=\"wp-block-columns is-layout-flex wp-container-core-columns-is-layout-7 wp-block-columns-is-layout-flex\">\n<div class=\"wp-block-column is-layout-flow wp-block-column-is-layout-flow\">\n<p>Title: <\/p>\n\n\n\n<p>St\u00f8rrelse: 2x40x40 cm<\/p>\n\n\n\n<p>Materiale: Akryl p\u00e5 l\u00e6rred<\/p>\n\n\n\n<p>Bem\u00e6rkninger: <\/p>\n<\/div>\n\n\n\n<div class=\"wp-block-column is-layout-flow wp-block-column-is-layout-flow\">\n<figure class=\"wp-block-gallery has-nested-images columns-default is-cropped wp-block-gallery-5 is-layout-flex wp-block-gallery-is-layout-flex\">\n<figure class=\"wp-block-image size-large\"><img loading=\"lazy\" decoding=\"async\" width=\"1024\" height=\"522\" src=\"https:\/\/intuitivkunst-taastrup.dk\/wp-content\/uploads\/2023\/09\/Chaka-05-1024x522.jpg\" alt=\"\" class=\"wp-image-176\" srcset=\"https:\/\/intuitivkunst-taastrup.dk\/wp-content\/uploads\/2023\/09\/Chaka-05-1024x522.jpg 1024w, https:\/\/intuitivkunst-taastrup.dk\/wp-content\/uploads\/2023\/09\/Chaka-05-300x153.jpg 300w, https:\/\/intuitivkunst-taastrup.dk\/wp-content\/uploads\/2023\/09\/Chaka-05-768x391.jpg 768w, https:\/\/intuitivkunst-taastrup.dk\/wp-content\/uploads\/2023\/09\/Chaka-05-1536x783.jpg 1536w, https:\/\/intuitivkunst-taastrup.dk\/wp-content\/uploads\/2023\/09\/Chaka-05.jpg 2015w\" sizes=\"(max-width: 1024px) 100vw, 1024px\" \/><\/figure>\n<\/figure>\n<\/div>\n<\/div>\n\n\n\n<div class=\"wp-block-columns is-layout-flex wp-container-core-columns-is-layout-8 wp-block-columns-is-layout-flex\">\n<div class=\"wp-block-column is-layout-flow wp-block-column-is-layout-flow\">\n<p>Title: <\/p>\n\n\n\n<p>St\u00f8rrelse: 2x40x40 cm<\/p>\n\n\n\n<p>Materiale: Akryl p\u00e5 l\u00e6rred<\/p>\n\n\n\n<p>Bem\u00e6rkninger: <\/p>\n<\/div>\n\n\n\n<div class=\"wp-block-column is-layout-flow wp-block-column-is-layout-flow\">\n<figure class=\"wp-block-gallery has-nested-images columns-default is-cropped wp-block-gallery-6 is-layout-flex wp-block-gallery-is-layout-flex\">\n<figure class=\"wp-block-image size-large\"><img loading=\"lazy\" decoding=\"async\" width=\"1024\" height=\"502\" src=\"https:\/\/intuitivkunst-taastrup.dk\/wp-content\/uploads\/2023\/09\/Chaka-06-1-1024x502.jpg\" alt=\"\" class=\"wp-image-177\" srcset=\"https:\/\/intuitivkunst-taastrup.dk\/wp-content\/uploads\/2023\/09\/Chaka-06-1-1024x502.jpg 1024w, https:\/\/intuitivkunst-taastrup.dk\/wp-content\/uploads\/2023\/09\/Chaka-06-1-300x147.jpg 300w, https:\/\/intuitivkunst-taastrup.dk\/wp-content\/uploads\/2023\/09\/Chaka-06-1-768x377.jpg 768w, https:\/\/intuitivkunst-taastrup.dk\/wp-content\/uploads\/2023\/09\/Chaka-06-1.jpg 1508w\" sizes=\"(max-width: 1024px) 100vw, 1024px\" \/><\/figure>\n<\/figure>\n<\/div>\n<\/div>\n\n\n\n<p><\/p>\n","protected":false},"excerpt":{"rendered":"<p>Title: St\u00f8rrelse: 40&#215;50 cm Materiale: Akryl p\u00e5 l\u00e6rred Bem\u00e6rkninger: Title: St\u00f8rrelse: 50&#215;60 cm Materiale: Akryl p\u00e5 l\u00e6rred Bem\u00e6rkninger: Title: St\u00f8rrelse: 80&#215;65 cm Materiale: Akryl p\u00e5 l\u00e6rred Bem\u00e6rkninger: Title: St\u00f8rrelse: 101&#215;81 cm Materiale: Akryl p\u00e5 l\u00e6rred Bem\u00e6rkninger: Title: St\u00f8rrelse: 2x40x40 cm Materiale: Akryl p\u00e5 l\u00e6rred Bem\u00e6rkninger: Title: St\u00f8rrelse: 2x40x40 cm Materiale: Akryl p\u00e5 l\u00e6rred Bem\u00e6rkninger:<\/p>\n","protected":false},"author":1,"featured_media":0,"parent":96,"menu_order":0,"comment_status":"closed","ping_status":"closed","template":"","meta":{"footnotes":""},"class_list":["post-169","page","type-page","status-publish","hentry"],"_links":{"self":[{"href":"https:\/\/intuitivkunst-taastrup.dk\/index.php?rest_route=\/wp\/v2\/pages\/169"}],"collection":[{"href":"https:\/\/intuitivkunst-taastrup.dk\/index.php?rest_route=\/wp\/v2\/pages"}],"about":[{"href":"https:\/\/intuitivkunst-taastrup.dk\/index.php?rest_route=\/wp\/v2\/types\/page"}],"author":[{"embeddable":true,"href":"https:\/\/intuitivkunst-taastrup.dk\/index.php?rest_route=\/wp\/v2\/users\/1"}],"replies":[{"embeddable":true,"href":"https:\/\/intuitivkunst-taastrup.dk\/index.php?rest_route=%2Fwp%2Fv2%2Fcomments&post=169"}],"version-history":[{"count":6,"href":"https:\/\/intuitivkunst-taastrup.dk\/index.php?rest_route=\/wp\/v2\/pages\/169\/revisions"}],"predecessor-version":[{"id":304,"href":"https:\/\/intuitivkunst-taastrup.dk\/index.php?rest_route=\/wp\/v2\/pages\/169\/revisions\/304"}],"up":[{"embeddable":true,"href":"https:\/\/intuitivkunst-taastrup.dk\/index.php?rest_route=\/wp\/v2\/pages\/96"}],"wp:attachment":[{"href":"https:\/\/intuitivkunst-taastrup.dk\/index.php?rest_route=%2Fwp%2Fv2%2Fmedia&parent=169"}],"curies":[{"name":"wp","href":"https:\/\/api.w.org\/{rel}","templated":true}]}}