{"id":166,"date":"2023-09-17T18:16:02","date_gmt":"2023-09-17T18:16:02","guid":{"rendered":"https:\/\/intuitivkunst-taastrup.dk\/?page_id=166"},"modified":"2023-09-17T18:16:02","modified_gmt":"2023-09-17T18:16:02","slug":"galleri-lars-5","status":"publish","type":"page","link":"https:\/\/intuitivkunst-taastrup.dk\/?page_id=166","title":{"rendered":"Galleri Laila"},"content":{"rendered":"\n<p><\/p>\n\n\n\n<div class=\"wp-block-columns is-layout-flex wp-container-core-columns-is-layout-1 wp-block-columns-is-layout-flex\">\n<div class=\"wp-block-column is-layout-flow wp-block-column-is-layout-flow\">\n<p>Title: <\/p>\n\n\n\n<p>St\u00f8rrelse: <\/p>\n\n\n\n<p>Materiale: Akryl p\u00e5 l\u00e6rred<\/p>\n\n\n\n<p>Bem\u00e6rkninger: <\/p>\n<\/div>\n\n\n\n<div class=\"wp-block-column is-layout-flow wp-block-column-is-layout-flow\">\n<figure class=\"wp-block-gallery has-nested-images columns-default is-cropped wp-block-gallery-1 is-layout-flex wp-block-gallery-is-layout-flex\">\n<figure class=\"wp-block-image size-large\"><img loading=\"lazy\" decoding=\"async\" width=\"513\" height=\"733\" src=\"https:\/\/intuitivkunst-taastrup.dk\/wp-content\/uploads\/2023\/09\/Laila-01-1.jpg\" alt=\"\" class=\"wp-image-259\" srcset=\"https:\/\/intuitivkunst-taastrup.dk\/wp-content\/uploads\/2023\/09\/Laila-01-1.jpg 513w, https:\/\/intuitivkunst-taastrup.dk\/wp-content\/uploads\/2023\/09\/Laila-01-1-210x300.jpg 210w\" sizes=\"(max-width: 513px) 100vw, 513px\" \/><\/figure>\n<\/figure>\n<\/div>\n<\/div>\n\n\n\n<div class=\"wp-block-columns is-layout-flex wp-container-core-columns-is-layout-4 wp-block-columns-is-layout-flex\">\n<div class=\"wp-block-column is-layout-flow wp-block-column-is-layout-flow\" style=\"flex-basis:100%\">\n<div class=\"wp-block-group is-layout-constrained wp-block-group-is-layout-constrained\">\n<div class=\"wp-block-columns is-layout-flex wp-container-core-columns-is-layout-3 wp-block-columns-is-layout-flex\">\n<div class=\"wp-block-column is-layout-flow wp-block-column-is-layout-flow\" style=\"flex-basis:100%\">\n<div class=\"wp-block-columns is-layout-flex wp-container-core-columns-is-layout-2 wp-block-columns-is-layout-flex\">\n<div class=\"wp-block-column is-layout-flow wp-block-column-is-layout-flow\">\n<p>Title: <\/p>\n\n\n\n<p>St\u00f8rrelse: <\/p>\n\n\n\n<p>Materiale: Akryl p\u00e5 l\u00e6rred<\/p>\n\n\n\n<p>Bem\u00e6rkninger: <\/p>\n<\/div>\n\n\n\n<div class=\"wp-block-column is-layout-flow wp-block-column-is-layout-flow\">\n<figure class=\"wp-block-gallery has-nested-images columns-default is-cropped wp-block-gallery-2 is-layout-flex wp-block-gallery-is-layout-flex\">\n<figure class=\"wp-block-image size-large\"><img loading=\"lazy\" decoding=\"async\" width=\"554\" height=\"741\" src=\"https:\/\/intuitivkunst-taastrup.dk\/wp-content\/uploads\/2023\/09\/Laila-02-1.jpg\" alt=\"\" class=\"wp-image-260\" srcset=\"https:\/\/intuitivkunst-taastrup.dk\/wp-content\/uploads\/2023\/09\/Laila-02-1.jpg 554w, https:\/\/intuitivkunst-taastrup.dk\/wp-content\/uploads\/2023\/09\/Laila-02-1-224x300.jpg 224w\" sizes=\"(max-width: 554px) 100vw, 554px\" \/><\/figure>\n<\/figure>\n<\/div>\n<\/div>\n<\/div>\n<\/div>\n<\/div>\n<\/div>\n<\/div>\n\n\n\n<div class=\"wp-block-columns is-layout-flex wp-container-core-columns-is-layout-5 wp-block-columns-is-layout-flex\">\n<div class=\"wp-block-column is-layout-flow wp-block-column-is-layout-flow\">\n<p>Title: <\/p>\n\n\n\n<p>St\u00f8rrelse: <\/p>\n\n\n\n<p>Materiale: Akryl p\u00e5 l\u00e6rred<\/p>\n\n\n\n<p>Bem\u00e6rkninger: <\/p>\n<\/div>\n\n\n\n<div class=\"wp-block-column is-layout-flow wp-block-column-is-layout-flow\">\n<figure class=\"wp-block-gallery has-nested-images columns-default is-cropped wp-block-gallery-3 is-layout-flex wp-block-gallery-is-layout-flex\">\n<figure class=\"wp-block-image size-large\"><img loading=\"lazy\" decoding=\"async\" width=\"501\" height=\"487\" src=\"https:\/\/intuitivkunst-taastrup.dk\/wp-content\/uploads\/2023\/09\/Laila-03-1.jpg\" alt=\"\" class=\"wp-image-261\" srcset=\"https:\/\/intuitivkunst-taastrup.dk\/wp-content\/uploads\/2023\/09\/Laila-03-1.jpg 501w, https:\/\/intuitivkunst-taastrup.dk\/wp-content\/uploads\/2023\/09\/Laila-03-1-300x292.jpg 300w\" sizes=\"(max-width: 501px) 100vw, 501px\" \/><\/figure>\n<\/figure>\n<\/div>\n<\/div>\n\n\n\n<div class=\"wp-block-columns is-layout-flex wp-container-core-columns-is-layout-6 wp-block-columns-is-layout-flex\">\n<div class=\"wp-block-column is-layout-flow wp-block-column-is-layout-flow\">\n<p>Title: <\/p>\n\n\n\n<p>St\u00f8rrelse: <\/p>\n\n\n\n<p>Materiale: Akryl p\u00e5 l\u00e6rred<\/p>\n\n\n\n<p>Bem\u00e6rkninger: <\/p>\n<\/div>\n\n\n\n<div class=\"wp-block-column is-layout-flow wp-block-column-is-layout-flow\">\n<figure class=\"wp-block-image size-full\"><img loading=\"lazy\" decoding=\"async\" width=\"380\" height=\"361\" src=\"https:\/\/intuitivkunst-taastrup.dk\/wp-content\/uploads\/2023\/09\/Laila-04-2.jpg\" alt=\"\" class=\"wp-image-263\" srcset=\"https:\/\/intuitivkunst-taastrup.dk\/wp-content\/uploads\/2023\/09\/Laila-04-2.jpg 380w, https:\/\/intuitivkunst-taastrup.dk\/wp-content\/uploads\/2023\/09\/Laila-04-2-300x285.jpg 300w\" sizes=\"(max-width: 380px) 100vw, 380px\" \/><\/figure>\n<\/div>\n<\/div>\n\n\n\n<div class=\"wp-block-columns is-layout-flex wp-container-core-columns-is-layout-7 wp-block-columns-is-layout-flex\">\n<div class=\"wp-block-column is-layout-flow wp-block-column-is-layout-flow\">\n<p>Title: <\/p>\n\n\n\n<p>St\u00f8rrelse: <\/p>\n\n\n\n<p>Materiale: Akryl p\u00e5 l\u00e6rred<\/p>\n\n\n\n<p>Bem\u00e6rkninger: <\/p>\n<\/div>\n\n\n\n<div class=\"wp-block-column is-layout-flow wp-block-column-is-layout-flow\">\n<figure class=\"wp-block-image size-full\"><img loading=\"lazy\" decoding=\"async\" width=\"429\" height=\"524\" src=\"https:\/\/intuitivkunst-taastrup.dk\/wp-content\/uploads\/2023\/09\/Laila-05-3.jpg\" alt=\"\" class=\"wp-image-265\" srcset=\"https:\/\/intuitivkunst-taastrup.dk\/wp-content\/uploads\/2023\/09\/Laila-05-3.jpg 429w, https:\/\/intuitivkunst-taastrup.dk\/wp-content\/uploads\/2023\/09\/Laila-05-3-246x300.jpg 246w\" sizes=\"(max-width: 429px) 100vw, 429px\" \/><\/figure>\n<\/div>\n<\/div>\n\n\n\n<figure class=\"wp-block-image\"><img decoding=\"async\" src=\"blob:https:\/\/intuitivkunst-taastrup.dk\/9b159a77-6e77-4ec5-bf3e-b5d64ddf1f5c\" alt=\"\"\/><\/figure>\n\n\n\n<div class=\"wp-block-columns is-layout-flex wp-container-core-columns-is-layout-8 wp-block-columns-is-layout-flex\">\n<div class=\"wp-block-column is-layout-flow wp-block-column-is-layout-flow\">\n<p>Title: <\/p>\n\n\n\n<p>St\u00f8rrelse: <\/p>\n\n\n\n<p>Materiale: Akryl p\u00e5 l\u00e6rred<\/p>\n\n\n\n<p>Bem\u00e6rkninger: <\/p>\n<\/div>\n\n\n\n<div class=\"wp-block-column is-layout-flow wp-block-column-is-layout-flow\">\n<figure class=\"wp-block-image size-full\"><img loading=\"lazy\" decoding=\"async\" width=\"548\" height=\"746\" src=\"https:\/\/intuitivkunst-taastrup.dk\/wp-content\/uploads\/2023\/09\/Laila-06-1.jpg\" alt=\"\" class=\"wp-image-266\" srcset=\"https:\/\/intuitivkunst-taastrup.dk\/wp-content\/uploads\/2023\/09\/Laila-06-1.jpg 548w, https:\/\/intuitivkunst-taastrup.dk\/wp-content\/uploads\/2023\/09\/Laila-06-1-220x300.jpg 220w\" sizes=\"(max-width: 548px) 100vw, 548px\" \/><\/figure>\n<\/div>\n<\/div>\n\n\n\n<div class=\"wp-block-columns is-layout-flex wp-container-core-columns-is-layout-9 wp-block-columns-is-layout-flex\">\n<div class=\"wp-block-column is-layout-flow wp-block-column-is-layout-flow\">\n<p>Title: <\/p>\n\n\n\n<p>St\u00f8rrelse: <\/p>\n\n\n\n<p>Materiale: Akryl p\u00e5 l\u00e6rred<\/p>\n\n\n\n<p>Bem\u00e6rkninger: <\/p>\n<\/div>\n\n\n\n<div class=\"wp-block-column is-layout-flow wp-block-column-is-layout-flow\">\n<figure class=\"wp-block-image size-full\"><img loading=\"lazy\" decoding=\"async\" width=\"205\" height=\"658\" src=\"https:\/\/intuitivkunst-taastrup.dk\/wp-content\/uploads\/2023\/09\/Laila-07-1.jpg\" alt=\"\" class=\"wp-image-267\" srcset=\"https:\/\/intuitivkunst-taastrup.dk\/wp-content\/uploads\/2023\/09\/Laila-07-1.jpg 205w, https:\/\/intuitivkunst-taastrup.dk\/wp-content\/uploads\/2023\/09\/Laila-07-1-93x300.jpg 93w\" sizes=\"(max-width: 205px) 100vw, 205px\" \/><\/figure>\n<\/div>\n<\/div>\n","protected":false},"excerpt":{"rendered":"<p>Title: St\u00f8rrelse: Materiale: Akryl p\u00e5 l\u00e6rred Bem\u00e6rkninger: Title: St\u00f8rrelse: Materiale: Akryl p\u00e5 l\u00e6rred Bem\u00e6rkninger: Title: St\u00f8rrelse: Materiale: Akryl p\u00e5 l\u00e6rred Bem\u00e6rkninger: Title: St\u00f8rrelse: Materiale: Akryl p\u00e5 l\u00e6rred Bem\u00e6rkninger: Title: St\u00f8rrelse: Materiale: Akryl p\u00e5 l\u00e6rred Bem\u00e6rkninger: Title: St\u00f8rrelse: Materiale: Akryl p\u00e5 l\u00e6rred Bem\u00e6rkninger: Title: St\u00f8rrelse: Materiale: Akryl p\u00e5 l\u00e6rred Bem\u00e6rkninger:<\/p>\n","protected":false},"author":1,"featured_media":0,"parent":96,"menu_order":0,"comment_status":"closed","ping_status":"closed","template":"","meta":{"footnotes":""},"class_list":["post-166","page","type-page","status-publish","hentry"],"_links":{"self":[{"href":"https:\/\/intuitivkunst-taastrup.dk\/index.php?rest_route=\/wp\/v2\/pages\/166"}],"collection":[{"href":"https:\/\/intuitivkunst-taastrup.dk\/index.php?rest_route=\/wp\/v2\/pages"}],"about":[{"href":"https:\/\/intuitivkunst-taastrup.dk\/index.php?rest_route=\/wp\/v2\/types\/page"}],"author":[{"embeddable":true,"href":"https:\/\/intuitivkunst-taastrup.dk\/index.php?rest_route=\/wp\/v2\/users\/1"}],"replies":[{"embeddable":true,"href":"https:\/\/intuitivkunst-taastrup.dk\/index.php?rest_route=%2Fwp%2Fv2%2Fcomments&post=166"}],"version-history":[{"count":1,"href":"https:\/\/intuitivkunst-taastrup.dk\/index.php?rest_route=\/wp\/v2\/pages\/166\/revisions"}],"predecessor-version":[{"id":268,"href":"https:\/\/intuitivkunst-taastrup.dk\/index.php?rest_route=\/wp\/v2\/pages\/166\/revisions\/268"}],"up":[{"embeddable":true,"href":"https:\/\/intuitivkunst-taastrup.dk\/index.php?rest_route=\/wp\/v2\/pages\/96"}],"wp:attachment":[{"href":"https:\/\/intuitivkunst-taastrup.dk\/index.php?rest_route=%2Fwp%2Fv2%2Fmedia&parent=166"}],"curies":[{"name":"wp","href":"https:\/\/api.w.org\/{rel}","templated":true}]}}